{"id":968,"date":"2024-03-06T18:26:54","date_gmt":"2024-03-06T23:26:54","guid":{"rendered":"https:\/\/andanzastravel.com.co\/?post_type=product&#038;p=968"},"modified":"2026-02-27T17:43:23","modified_gmt":"2026-02-27T22:43:23","slug":"cerro-cundandunga","status":"publish","type":"product","link":"https:\/\/andanzastravel.com.co\/en\/salida\/cerro-cundandunga\/","title":{"rendered":"Cerro Cundandunga"},"content":{"rendered":"<p><strong>What will you visit?<\/strong><\/p>\n<p><strong>Sesquil\u00e9<\/strong><br \/>\nEl municipio de Sesquil\u00e9 cuna de la leyenda del Dorado, en lengua muisca sysquy-ie \u201cCamino a la Cabeza\u201d Pueblo dorado de verdes paisajes y majestuosas monta\u00f1as, municipio de gente buena y hospitalaria, invita a visitantes y turistas a disfrutar y cuidar su territorio.<\/p>\n<p><strong>Cerro Cundandunga<\/strong><\/p>\n<p>Es un atractivo natural de Sesquil\u00e9 que se caracteriza por su altura y su extensi\u00f3n en el municipio de Sesquil\u00e9, desde all\u00ed podr\u00e1s contemplar una panor\u00e1mica del hermoso Embalse el Tomine y lo mejor de la Sabana de Bogot\u00e1, superaras tus limites mientras subes por senderos llenos de aventura y desaf\u00edos que te har\u00e1n sentir todo un guerrero y amante de la naturaleza, mientras caminas para llegar a este sitio podr\u00e1s contemplar del ecosistema de bosque alto andino y subp\u00e1ramo con su neblina cruzar las monta\u00f1as y frailejones de diferentes tama\u00f1os.<\/p>","protected":false},"excerpt":{"rendered":"<p>Que visitaras Sesquil\u00e9 El municipio de Sesquil\u00e9 cuna de la leyenda del Dorado, en lengua muisca sysquy-ie \u201cCamino a la Cabeza\u201d Pueblo dorado de verdes paisajes y majestuosas monta\u00f1as, municipio de gente buena y hospitalaria, invita a visitantes y turistas a disfrutar y cuidar su territorio. Cerro Cundandunga Es un atractivo natural de Sesquil\u00e9 que [&hellip;]<\/p>","protected":false},"featured_media":972,"comment_status":"open","ping_status":"closed","template":"","meta":[],"product_cat":[17],"product_tag":[],"tipo":[22],"class_list":{"0":"post-968","1":"product","2":"type-product","3":"status-publish","4":"has-post-thumbnail","6":"product_cat-uncategorized","7":"tipo-salidas-programadas","9":"first","10":"instock","11":"virtual","12":"purchasable","13":"product-type-phive_booking"},"acf":[],"_links":{"self":[{"href":"https:\/\/andanzastravel.com.co\/en\/wp-json\/wp\/v2\/product\/968","targetHints":{"allow":["GET"]}}],"collection":[{"href":"https:\/\/andanzastravel.com.co\/en\/wp-json\/wp\/v2\/product"}],"about":[{"href":"https:\/\/andanzastravel.com.co\/en\/wp-json\/wp\/v2\/types\/product"}],"replies":[{"embeddable":true,"href":"https:\/\/andanzastravel.com.co\/en\/wp-json\/wp\/v2\/comments?post=968"}],"wp:featuredmedia":[{"embeddable":true,"href":"https:\/\/andanzastravel.com.co\/en\/wp-json\/wp\/v2\/media\/972"}],"wp:attachment":[{"href":"https:\/\/andanzastravel.com.co\/en\/wp-json\/wp\/v2\/media?parent=968"}],"wp:term":[{"taxonomy":"product_cat","embeddable":true,"href":"https:\/\/andanzastravel.com.co\/en\/wp-json\/wp\/v2\/product_cat?post=968"},{"taxonomy":"product_tag","embeddable":true,"href":"https:\/\/andanzastravel.com.co\/en\/wp-json\/wp\/v2\/product_tag?post=968"},{"taxonomy":"tipo","embeddable":true,"href":"https:\/\/andanzastravel.com.co\/en\/wp-json\/wp\/v2\/tipo?post=968"}],"curies":[{"name":"wp","href":"https:\/\/api.w.org\/{rel}","templated":true}]}}