{"id":945,"date":"2024-02-01T09:17:18","date_gmt":"2024-02-01T14:17:18","guid":{"rendered":"https:\/\/andanzastravel.com.co\/?post_type=product&#038;p=945"},"modified":"2026-02-27T17:43:05","modified_gmt":"2026-02-27T22:43:05","slug":"sesquile-mirador","status":"publish","type":"product","link":"https:\/\/andanzastravel.com.co\/en\/salida\/sesquile-mirador\/","title":{"rendered":"Caba\u00f1ita al reves y miradores zisquy-ie"},"content":{"rendered":"<p>Sube por antiguos caminos de herradura entre exuberante vegetaci\u00f3n nativa y disfruta de unos miradores con vistas panor\u00e1micas de Sesquil\u00e9 y su alrededor, vive la experiencia de la casa al reves y sorprende a todos con tus fotografias.<\/p>\n<h2>Ruta que Enamora<\/h2>\n<p>Al recorrer esta ruta de Sesquil\u00e9, tendr\u00e1s la oportunidad de caminar por antiguos caminos de herradura, los visitantes podr\u00e1n apreciar vistas m\u00e1gicas desde los diferentes miradores que tenemos para ti, cada paso revela una nueva perspectiva del paisaje. Desde monta\u00f1as imponentes hasta paisajes serenos.<\/p>\n<p>Adicionalmente La fusi\u00f3n de Diversi\u00f3n visita la incre\u00edble Caba\u00f1ita al Rev\u00e9s, donde todo est\u00e1 patas arriba, perfecta para fotos divertidas. \u00a1Una experiencia que te sorprender\u00e1 de principio a fin!<\/p>","protected":false},"excerpt":{"rendered":"<p>Sube por antiguos caminos de herradura entre exuberante vegetaci\u00f3n nativa y disfruta de una vista panor\u00e1mica de Sesquil\u00e9 que cautiva a quienes aman la naturaleza y los paisajes<\/p>\n<h2>Descubre Sesquil\u00e9<\/h2>\n<p>Sesquil\u00e9 se erige como un destino fascinante que combina historia con la belleza natural de su entorno. Esta localidad, situada en la regi\u00f3n de Cundinamarca, ofrece a los visitantes la oportunidad de caminar entre historia y naturaleza, revelando paisajes que cautivan el alma.<\/p>\n<h2>Rutas que Enamoran<\/h2>\n<p>Al recorrer las rutas de Sesquil\u00e9, los visitantes podr\u00e1n apreciar vistas m\u00e1gicas, ya que cada paso revela una nueva perspectiva del paisaje. Desde monta\u00f1as imponentes hasta lagos serenos, el contacto con la naturaleza es inigualable.<\/p>\n<h2>Una Experiencia \u00danica<\/h2>\n<p>La fusi\u00f3n de historia y naturaleza en Sesquil\u00e9 proporciona una experiencia \u00fanica para todos los amantes de la aventura. No te pierdas la oportunidad de explorar este rinc\u00f3n de Colombia, donde las vistas te invitar\u00e1n a descubrir m\u00e1s.<\/p>","protected":false},"featured_media":1078,"comment_status":"open","ping_status":"closed","template":"","meta":[],"product_cat":[17],"product_tag":[],"tipo":[23,22],"class_list":{"0":"post-945","1":"product","2":"type-product","3":"status-publish","4":"has-post-thumbnail","6":"product_cat-uncategorized","7":"tipo-salidas-abiertas","8":"tipo-salidas-programadas","10":"first","11":"instock","12":"virtual","13":"purchasable","14":"product-type-phive_booking"},"acf":[],"_links":{"self":[{"href":"https:\/\/andanzastravel.com.co\/en\/wp-json\/wp\/v2\/product\/945","targetHints":{"allow":["GET"]}}],"collection":[{"href":"https:\/\/andanzastravel.com.co\/en\/wp-json\/wp\/v2\/product"}],"about":[{"href":"https:\/\/andanzastravel.com.co\/en\/wp-json\/wp\/v2\/types\/product"}],"replies":[{"embeddable":true,"href":"https:\/\/andanzastravel.com.co\/en\/wp-json\/wp\/v2\/comments?post=945"}],"wp:featuredmedia":[{"embeddable":true,"href":"https:\/\/andanzastravel.com.co\/en\/wp-json\/wp\/v2\/media\/1078"}],"wp:attachment":[{"href":"https:\/\/andanzastravel.com.co\/en\/wp-json\/wp\/v2\/media?parent=945"}],"wp:term":[{"taxonomy":"product_cat","embeddable":true,"href":"https:\/\/andanzastravel.com.co\/en\/wp-json\/wp\/v2\/product_cat?post=945"},{"taxonomy":"product_tag","embeddable":true,"href":"https:\/\/andanzastravel.com.co\/en\/wp-json\/wp\/v2\/product_tag?post=945"},{"taxonomy":"tipo","embeddable":true,"href":"https:\/\/andanzastravel.com.co\/en\/wp-json\/wp\/v2\/tipo?post=945"}],"curies":[{"name":"wp","href":"https:\/\/api.w.org\/{rel}","templated":true}]}}