{"id":941,"date":"2024-01-22T19:22:37","date_gmt":"2024-01-23T00:22:37","guid":{"rendered":"https:\/\/andanzastravel.com.co\/?post_type=product&#038;p=941"},"modified":"2026-04-29T09:38:50","modified_gmt":"2026-04-29T14:38:50","slug":"paseokayak","status":"publish","type":"product","link":"https:\/\/andanzastravel.com.co\/en\/salida\/paseokayak\/","title":{"rendered":"kayak ride"},"content":{"rendered":"<p><strong>Guatavita: <\/strong>Uno de los pueblos de recogimiento muisca que cambio su historia despu\u00e9s de la inundaci\u00f3n en 1967 para dar espacio al Embalse Tomin\u00e9, hoy este municipio es de gran atractivo tur\u00edstico para la regi\u00f3n y Colombia.<\/p>\n<p><strong>Embalse de Tomin\u00e9:<\/strong> Conecta con el agua y tu cuerpo en cada remada en un paseo en kayak lleno de aventura, donde la majestuosidad y la tranquilidad del Embalse el Tomin\u00e9\u00a0 te sorprender\u00e1 y sus paisajes y atardeceres, har\u00e1n que este plan sea una experiencia maravillosa para compartir con la familia, los amigos y tu pareja, te prometemos que tendr\u00e1s recuerdos donde las risas, los retos y las an\u00e9cdotas no van a faltar.<\/p>","protected":false},"excerpt":{"rendered":"<p>Guatavita: Uno de los pueblos de recogimiento muisca que cambio su historia despu\u00e9s de la inundaci\u00f3n en 1967 para dar espacio al Embalse Tomin\u00e9, hoy este municipio es de gran atractivo tur\u00edstico para la regi\u00f3n y Colombia. Embalse de Tomin\u00e9: Conecta con el agua y tu cuerpo en cada remada en un paseo en kayak [&hellip;]<\/p>","protected":false},"featured_media":938,"comment_status":"open","ping_status":"closed","template":"","meta":[],"product_cat":[17],"product_tag":[],"tipo":[22],"class_list":{"0":"post-941","1":"product","2":"type-product","3":"status-publish","4":"has-post-thumbnail","6":"product_cat-uncategorized","7":"tipo-salidas-programadas","9":"first","10":"instock","11":"virtual","12":"purchasable","13":"product-type-phive_booking"},"acf":[],"_links":{"self":[{"href":"https:\/\/andanzastravel.com.co\/en\/wp-json\/wp\/v2\/product\/941","targetHints":{"allow":["GET"]}}],"collection":[{"href":"https:\/\/andanzastravel.com.co\/en\/wp-json\/wp\/v2\/product"}],"about":[{"href":"https:\/\/andanzastravel.com.co\/en\/wp-json\/wp\/v2\/types\/product"}],"replies":[{"embeddable":true,"href":"https:\/\/andanzastravel.com.co\/en\/wp-json\/wp\/v2\/comments?post=941"}],"wp:featuredmedia":[{"embeddable":true,"href":"https:\/\/andanzastravel.com.co\/en\/wp-json\/wp\/v2\/media\/938"}],"wp:attachment":[{"href":"https:\/\/andanzastravel.com.co\/en\/wp-json\/wp\/v2\/media?parent=941"}],"wp:term":[{"taxonomy":"product_cat","embeddable":true,"href":"https:\/\/andanzastravel.com.co\/en\/wp-json\/wp\/v2\/product_cat?post=941"},{"taxonomy":"product_tag","embeddable":true,"href":"https:\/\/andanzastravel.com.co\/en\/wp-json\/wp\/v2\/product_tag?post=941"},{"taxonomy":"tipo","embeddable":true,"href":"https:\/\/andanzastravel.com.co\/en\/wp-json\/wp\/v2\/tipo?post=941"}],"curies":[{"name":"wp","href":"https:\/\/api.w.org\/{rel}","templated":true}]}}