{"id":930,"date":"2024-01-22T17:13:55","date_gmt":"2024-01-22T22:13:55","guid":{"rendered":"https:\/\/andanzastravel.com.co\/?post_type=product&#038;p=930"},"modified":"2025-11-24T12:43:16","modified_gmt":"2025-11-24T17:43:16","slug":"veleroepic","status":"publish","type":"product","link":"https:\/\/andanzastravel.com.co\/en\/salida\/veleroepic\/","title":{"rendered":"Paseo en Velero Epic"},"content":{"rendered":"<p><strong>Guatavita: <\/strong>Uno de los pueblos de recogimiento muisca que cambio su historia despu\u00e9s de la inundaci\u00f3n en 1967 para dar espacio al Embalse Tomin\u00e9, hoy este municipio es de gran atractivo tur\u00edstico para la regi\u00f3n y Colombia.<\/p>\n<p><strong>Embalse de Tomin\u00e9:<\/strong> Disfruta de un m\u00e1gico recorrido en un velero Epic al ritmo de los vientos y la armon\u00eda del Embalse el Tomin\u00e9 con su extensi\u00f3n de 17 kms de largo y rodeado de paisajes y atardeceres que har\u00e1n de este plan una experiencia maravillosa para compartir con la familia, los amigos y tu pareja, te prometemos que tendr\u00e1s recuerdos inolvidables.<\/p>","protected":false},"excerpt":{"rendered":"<p>Guatavita: Uno de los pueblos de recogimiento muisca que cambio su historia despu\u00e9s de la inundaci\u00f3n en 1967 para dar espacio al Embalse Tomin\u00e9, hoy este municipio es de gran atractivo tur\u00edstico para la regi\u00f3n y Colombia. Embalse de Tomin\u00e9: Disfruta de un m\u00e1gico recorrido en un velero Epic al ritmo de los vientos y [&hellip;]<\/p>","protected":false},"featured_media":940,"comment_status":"open","ping_status":"closed","template":"","meta":[],"product_cat":[17],"product_tag":[],"tipo":[22],"class_list":{"0":"post-930","1":"product","2":"type-product","3":"status-publish","4":"has-post-thumbnail","6":"product_cat-uncategorized","7":"tipo-salidas-programadas","9":"first","10":"instock","11":"virtual","12":"purchasable","13":"product-type-phive_booking"},"acf":[],"_links":{"self":[{"href":"https:\/\/andanzastravel.com.co\/en\/wp-json\/wp\/v2\/product\/930","targetHints":{"allow":["GET"]}}],"collection":[{"href":"https:\/\/andanzastravel.com.co\/en\/wp-json\/wp\/v2\/product"}],"about":[{"href":"https:\/\/andanzastravel.com.co\/en\/wp-json\/wp\/v2\/types\/product"}],"replies":[{"embeddable":true,"href":"https:\/\/andanzastravel.com.co\/en\/wp-json\/wp\/v2\/comments?post=930"}],"wp:featuredmedia":[{"embeddable":true,"href":"https:\/\/andanzastravel.com.co\/en\/wp-json\/wp\/v2\/media\/940"}],"wp:attachment":[{"href":"https:\/\/andanzastravel.com.co\/en\/wp-json\/wp\/v2\/media?parent=930"}],"wp:term":[{"taxonomy":"product_cat","embeddable":true,"href":"https:\/\/andanzastravel.com.co\/en\/wp-json\/wp\/v2\/product_cat?post=930"},{"taxonomy":"product_tag","embeddable":true,"href":"https:\/\/andanzastravel.com.co\/en\/wp-json\/wp\/v2\/product_tag?post=930"},{"taxonomy":"tipo","embeddable":true,"href":"https:\/\/andanzastravel.com.co\/en\/wp-json\/wp\/v2\/tipo?post=930"}],"curies":[{"name":"wp","href":"https:\/\/api.w.org\/{rel}","templated":true}]}}