{"id":919,"date":"2023-12-02T10:26:17","date_gmt":"2023-12-02T15:26:17","guid":{"rendered":"https:\/\/andanzastravel.com.co\/?post_type=product&#038;p=919"},"modified":"2026-05-08T18:36:24","modified_gmt":"2026-05-08T23:36:24","slug":"veleroguatavita","status":"publish","type":"product","link":"https:\/\/andanzastravel.com.co\/en\/salida\/veleroguatavita\/","title":{"rendered":"Paseo en Velero en Guatavita"},"content":{"rendered":"<p><strong>Guatavita: <\/strong>Uno de los pueblos de recogimiento muisca que cambio su historia despu\u00e9s de la inundaci\u00f3n en 1967 para dar espacio al Embalse Tomin\u00e9, hoy este municipio es de gran atractivo tur\u00edstico para la regi\u00f3n y Colombia.<\/p>\n<p class=\"\" data-start=\"159\" data-end=\"537\"><strong data-start=\"159\" data-end=\"253\">Vive una experiencia inolvidable a bordo de un velero en el majestuoso Embalse del Tomin\u00e9.<\/strong> Navega al ritmo del viento en un Paseo en Velero en Guatavita mientras te rodean paisajes impresionantes y atardeceres que te robar\u00e1n el aliento. Con sus 17 km de aguas tranquilas, este plan es perfecto para disfrutar en familia, con amigos o en pareja. Crea recuerdos \u00fanicos en un entorno lleno de magia y naturaleza.<\/p>","protected":false},"excerpt":{"rendered":"<p>Guatavita: Uno de los pueblos de recogimiento muisca que cambio su historia despu\u00e9s de la inundaci\u00f3n en 1967 para dar espacio al Embalse Tomin\u00e9, hoy este municipio es de gran atractivo tur\u00edstico para la regi\u00f3n y Colombia. Vive una experiencia inolvidable a bordo de un velero en el majestuoso Embalse del Tomin\u00e9. Navega al ritmo [&hellip;]<\/p>","protected":false},"featured_media":1393,"comment_status":"open","ping_status":"closed","template":"","meta":[],"product_cat":[17],"product_tag":[],"tipo":[23,22],"class_list":{"0":"post-919","1":"product","2":"type-product","3":"status-publish","4":"has-post-thumbnail","6":"product_cat-uncategorized","7":"tipo-salidas-abiertas","8":"tipo-salidas-programadas","10":"first","11":"instock","12":"featured","13":"virtual","14":"purchasable","15":"product-type-phive_booking"},"acf":[],"_links":{"self":[{"href":"https:\/\/andanzastravel.com.co\/en\/wp-json\/wp\/v2\/product\/919","targetHints":{"allow":["GET"]}}],"collection":[{"href":"https:\/\/andanzastravel.com.co\/en\/wp-json\/wp\/v2\/product"}],"about":[{"href":"https:\/\/andanzastravel.com.co\/en\/wp-json\/wp\/v2\/types\/product"}],"replies":[{"embeddable":true,"href":"https:\/\/andanzastravel.com.co\/en\/wp-json\/wp\/v2\/comments?post=919"}],"wp:featuredmedia":[{"embeddable":true,"href":"https:\/\/andanzastravel.com.co\/en\/wp-json\/wp\/v2\/media\/1393"}],"wp:attachment":[{"href":"https:\/\/andanzastravel.com.co\/en\/wp-json\/wp\/v2\/media?parent=919"}],"wp:term":[{"taxonomy":"product_cat","embeddable":true,"href":"https:\/\/andanzastravel.com.co\/en\/wp-json\/wp\/v2\/product_cat?post=919"},{"taxonomy":"product_tag","embeddable":true,"href":"https:\/\/andanzastravel.com.co\/en\/wp-json\/wp\/v2\/product_tag?post=919"},{"taxonomy":"tipo","embeddable":true,"href":"https:\/\/andanzastravel.com.co\/en\/wp-json\/wp\/v2\/tipo?post=919"}],"curies":[{"name":"wp","href":"https:\/\/api.w.org\/{rel}","templated":true}]}}