{"id":865,"date":"2023-10-21T17:57:32","date_gmt":"2023-10-21T22:57:32","guid":{"rendered":"https:\/\/andanzastravel.com.co\/?post_type=product&#038;p=865"},"modified":"2023-10-21T18:40:41","modified_gmt":"2023-10-21T23:40:41","slug":"laguna-del-cacique-guatavita","status":"publish","type":"product","link":"https:\/\/andanzastravel.com.co\/en\/salida\/laguna-del-cacique-guatavita\/","title":{"rendered":"Laguna del Cacique Guatavita"},"content":{"rendered":"<p><strong>What will you visit?<\/strong><\/p>\n<p>Sesquil\u00e9: Cuna de la leyenda del Dorado, en lengua muisca sysquy-ie \u201cCamino a la Cabeza\u201d Pueblo dorado de verdes paisajes y majestuosas monta\u00f1as, municipio de gente buena y hospitalaria, invita a visitantes y turistas a disfrutar y cuidar su territorio.<\/p>\n<p><strong>Caminata ancestral a Laguna del Cacique Guatavita<\/strong><\/p>\n<p>Podr\u00e1s llegar a la Laguna del Cacique Guatavita recorriendo los caminos antiguos que conectaban el casco urbano del Municipio de Sesquil\u00e9 con la Laguna Sagrada que en su momento fue la ruta de paso de la cultura ind\u00edgena muisca para realizar el trueque en el sector la playa, tiempo despu\u00e9s se convirti\u00f3 en camino de herradura para dar paso a los campesinos a lomo de luma con sus productos. Esto har\u00e1 que tengas una experiencia que te conecte con las costumbres del pasado, sus ra\u00edces, disfrutar los paisajes del recorrido y en especial de la majestuosa laguna, cuna de la leyenda del dorado, te aseguramos una experiencia que te dejara con recuerdos inolvidables.<\/p>","protected":false},"excerpt":{"rendered":"<p>Que visitaras Sesquil\u00e9: Cuna de la leyenda del Dorado, en lengua muisca sysquy-ie \u201cCamino a la Cabeza\u201d Pueblo dorado de verdes paisajes y majestuosas monta\u00f1as, municipio de gente buena y hospitalaria, invita a visitantes y turistas a disfrutar y cuidar su territorio. Caminata ancestral a Laguna del Cacique Guatavita Podr\u00e1s llegar a la Laguna del [&hellip;]<\/p>","protected":false},"featured_media":867,"comment_status":"open","ping_status":"closed","template":"","meta":[],"product_cat":[17],"product_tag":[],"tipo":[23],"class_list":{"0":"post-865","1":"product","2":"type-product","3":"status-publish","4":"has-post-thumbnail","6":"product_cat-uncategorized","7":"tipo-salidas-abiertas","9":"first","10":"instock","11":"shipping-taxable","12":"purchasable","13":"product-type-simple"},"acf":[],"_links":{"self":[{"href":"https:\/\/andanzastravel.com.co\/en\/wp-json\/wp\/v2\/product\/865","targetHints":{"allow":["GET"]}}],"collection":[{"href":"https:\/\/andanzastravel.com.co\/en\/wp-json\/wp\/v2\/product"}],"about":[{"href":"https:\/\/andanzastravel.com.co\/en\/wp-json\/wp\/v2\/types\/product"}],"replies":[{"embeddable":true,"href":"https:\/\/andanzastravel.com.co\/en\/wp-json\/wp\/v2\/comments?post=865"}],"wp:featuredmedia":[{"embeddable":true,"href":"https:\/\/andanzastravel.com.co\/en\/wp-json\/wp\/v2\/media\/867"}],"wp:attachment":[{"href":"https:\/\/andanzastravel.com.co\/en\/wp-json\/wp\/v2\/media?parent=865"}],"wp:term":[{"taxonomy":"product_cat","embeddable":true,"href":"https:\/\/andanzastravel.com.co\/en\/wp-json\/wp\/v2\/product_cat?post=865"},{"taxonomy":"product_tag","embeddable":true,"href":"https:\/\/andanzastravel.com.co\/en\/wp-json\/wp\/v2\/product_tag?post=865"},{"taxonomy":"tipo","embeddable":true,"href":"https:\/\/andanzastravel.com.co\/en\/wp-json\/wp\/v2\/tipo?post=865"}],"curies":[{"name":"wp","href":"https:\/\/api.w.org\/{rel}","templated":true}]}}