{"id":847,"date":"2023-10-20T13:18:20","date_gmt":"2023-10-20T18:18:20","guid":{"rendered":"https:\/\/andanzastravel.com.co\/?post_type=product&#038;p=847"},"modified":"2026-04-01T09:54:09","modified_gmt":"2026-04-01T14:54:09","slug":"farallones","status":"publish","type":"product","link":"https:\/\/andanzastravel.com.co\/en\/salida\/farallones\/","title":{"rendered":"Farallones de Sutatausa"},"content":{"rendered":"<p><strong>Que Visitaras<\/strong><\/p>\n<p><strong>Sutatausa<\/strong><\/p>\n<p>Sutatausa, en\u00a0<i>muysc cubun<\/i>\u00a0significa \u00abpeque\u00f1o tributo\u00bb, palabra formada por\u00a0<i>suta<\/i>, \u00abpeque\u00f1o\u00bb, y\u00a0<i>tausa<\/i>, \u00abtributo\u00bb. municipio\u00a0colombiano\u00a0del\u00a0departamento\u00a0de\u00a0Cundinamarca, ubicado en la\u00a0Provincia de Ubat\u00e9, a 88\u00a0km\u00a0de\u00a0Bogot\u00e1. Con paisajes \u00fanicos de la Provincia y sus atractivos tur\u00edsticos como los farallones captan la atenci\u00f3n de los turistas y visitantes.<\/p>\n<p><strong>Farallones de Sutatausa <\/strong><\/p>\n<p>Para ti que te gusta adentrarte en la aventura, respirar aire puro y contemplar paisajes espectaculares, te traemos nuestra ruta a los Farallones de Sutatausa , conoce la inmensidad de sus formaciones rocosas que pondr\u00e1 tu cuerpo en sinton\u00eda consigo mismo y con la naturaleza.<\/p>","protected":false},"excerpt":{"rendered":"<p>Que Visitaras Sutatausa Sutatausa, en\u00a0muysc cubun\u00a0significa \u00abpeque\u00f1o tributo\u00bb, palabra formada por\u00a0suta, \u00abpeque\u00f1o\u00bb, y\u00a0tausa, \u00abtributo\u00bb. municipio\u00a0colombiano\u00a0del\u00a0departamento\u00a0de\u00a0Cundinamarca, ubicado en la\u00a0Provincia de Ubat\u00e9, a 88\u00a0km\u00a0de\u00a0Bogot\u00e1. Con paisajes \u00fanicos de la Provincia y sus atractivos tur\u00edsticos como los farallones captan la atenci\u00f3n de los turistas y visitantes. Farallones de Sutatausa Para ti que te gusta adentrarte en la aventura, [&hellip;]<\/p>","protected":false},"featured_media":848,"comment_status":"open","ping_status":"closed","template":"","meta":[],"product_cat":[17],"product_tag":[],"tipo":[23],"class_list":{"0":"post-847","1":"product","2":"type-product","3":"status-publish","4":"has-post-thumbnail","6":"product_cat-uncategorized","7":"tipo-salidas-abiertas","9":"first","10":"instock","11":"virtual","12":"purchasable","13":"product-type-simple"},"acf":[],"_links":{"self":[{"href":"https:\/\/andanzastravel.com.co\/en\/wp-json\/wp\/v2\/product\/847","targetHints":{"allow":["GET"]}}],"collection":[{"href":"https:\/\/andanzastravel.com.co\/en\/wp-json\/wp\/v2\/product"}],"about":[{"href":"https:\/\/andanzastravel.com.co\/en\/wp-json\/wp\/v2\/types\/product"}],"replies":[{"embeddable":true,"href":"https:\/\/andanzastravel.com.co\/en\/wp-json\/wp\/v2\/comments?post=847"}],"wp:featuredmedia":[{"embeddable":true,"href":"https:\/\/andanzastravel.com.co\/en\/wp-json\/wp\/v2\/media\/848"}],"wp:attachment":[{"href":"https:\/\/andanzastravel.com.co\/en\/wp-json\/wp\/v2\/media?parent=847"}],"wp:term":[{"taxonomy":"product_cat","embeddable":true,"href":"https:\/\/andanzastravel.com.co\/en\/wp-json\/wp\/v2\/product_cat?post=847"},{"taxonomy":"product_tag","embeddable":true,"href":"https:\/\/andanzastravel.com.co\/en\/wp-json\/wp\/v2\/product_tag?post=847"},{"taxonomy":"tipo","embeddable":true,"href":"https:\/\/andanzastravel.com.co\/en\/wp-json\/wp\/v2\/tipo?post=847"}],"curies":[{"name":"wp","href":"https:\/\/api.w.org\/{rel}","templated":true}]}}