{"id":823,"date":"2023-10-17T22:07:59","date_gmt":"2023-10-18T03:07:59","guid":{"rendered":"https:\/\/andanzastravel.com.co\/?post_type=product&#038;p=823"},"modified":"2026-05-03T08:32:15","modified_gmt":"2026-05-03T13:32:15","slug":"paraiso-escondido","status":"publish","type":"product","link":"https:\/\/andanzastravel.com.co\/en\/salida\/paraiso-escondido\/","title":{"rendered":"Para\u00edso Escondido"},"content":{"rendered":"<p><strong>What will you visit?<\/strong><\/p>\n<p>Sesquil\u00e9: cuna de la leyenda del Dorado, en lengua muisca sysquy-ie \u201cCamino a la Cabeza\u201d Pueblo dorado de verdes paisajes y majestuosas monta\u00f1as, municipio de gente buena y hospitalaria, invita a visitantes y turistas a disfrutar y cuidar su territorio.<\/p>\n<p><strong>Para\u00edso Escondido<\/strong><\/p>\n<p>Conoce este m\u00e1gico lugar escondido entre las monta\u00f1as que alberga rios, quebradas y gran diversidad en fauna y flora, adem\u00e1s para complementar la experiencia natural podr\u00e1s conectar con la tierra por medio de nuestra actividad incluida de siembra tu \u00e1rbol.<\/p>","protected":false},"excerpt":{"rendered":"<p>Caminata al Para\u00edso Escondido de Sesquil\u00e9: Un rinc\u00f3n secreto entre monta\u00f1as, r\u00edos y fauna diversa. Un espacio \u00fanico para desconectarte de la rutina. Ven a recargar energ\u00edas en este para\u00edso natural<\/p>","protected":false},"featured_media":835,"comment_status":"open","ping_status":"closed","template":"","meta":[],"product_cat":[17],"product_tag":[],"tipo":[22],"class_list":{"0":"post-823","1":"product","2":"type-product","3":"status-publish","4":"has-post-thumbnail","6":"product_cat-uncategorized","7":"tipo-salidas-programadas","9":"first","10":"instock","11":"virtual","12":"purchasable","13":"product-type-phive_booking"},"acf":[],"_links":{"self":[{"href":"https:\/\/andanzastravel.com.co\/en\/wp-json\/wp\/v2\/product\/823","targetHints":{"allow":["GET"]}}],"collection":[{"href":"https:\/\/andanzastravel.com.co\/en\/wp-json\/wp\/v2\/product"}],"about":[{"href":"https:\/\/andanzastravel.com.co\/en\/wp-json\/wp\/v2\/types\/product"}],"replies":[{"embeddable":true,"href":"https:\/\/andanzastravel.com.co\/en\/wp-json\/wp\/v2\/comments?post=823"}],"wp:featuredmedia":[{"embeddable":true,"href":"https:\/\/andanzastravel.com.co\/en\/wp-json\/wp\/v2\/media\/835"}],"wp:attachment":[{"href":"https:\/\/andanzastravel.com.co\/en\/wp-json\/wp\/v2\/media?parent=823"}],"wp:term":[{"taxonomy":"product_cat","embeddable":true,"href":"https:\/\/andanzastravel.com.co\/en\/wp-json\/wp\/v2\/product_cat?post=823"},{"taxonomy":"product_tag","embeddable":true,"href":"https:\/\/andanzastravel.com.co\/en\/wp-json\/wp\/v2\/product_tag?post=823"},{"taxonomy":"tipo","embeddable":true,"href":"https:\/\/andanzastravel.com.co\/en\/wp-json\/wp\/v2\/tipo?post=823"}],"curies":[{"name":"wp","href":"https:\/\/api.w.org\/{rel}","templated":true}]}}