{"id":754,"date":"2023-09-22T08:42:43","date_gmt":"2023-09-22T13:42:43","guid":{"rendered":"https:\/\/andanzastravel.com.co\/?post_type=product&#038;p=754"},"modified":"2025-12-20T15:35:34","modified_gmt":"2025-12-20T20:35:34","slug":"cerro-montecillo-guatavita","status":"publish","type":"product","link":"https:\/\/andanzastravel.com.co\/en\/salida\/cerro-montecillo-guatavita\/","title":{"rendered":"Cerro Montecillo"},"content":{"rendered":"<p><strong>What will you visit?<\/strong><\/p>\n<p><strong>Guatavita: <\/strong>Uno de los pueblos de recogimiento muisca que cambio su historia despu\u00e9s de la inundaci\u00f3n en 1967 para dar espacio al Embalse Tomine, hoy este municipio es de gran atractivo tur\u00edstico para la regi\u00f3n y Colombia.<\/p>\n<p><strong>Cerro montecillo: <\/strong>Camina por el <strong data-start=\"136\" data-end=\"156\">Cerro Montecillo<\/strong>, el guardi\u00e1n de <strong data-start=\"173\" data-end=\"186\">Guatavita<\/strong>, y revive la historia de la antiguo pueblo bajo el <strong data-start=\"248\" data-end=\"269\">embalse de Tomin\u00e9<\/strong>. D\u00e9jate envolver por la <strong data-start=\"296\" data-end=\"318\">leyenda del Dorado<\/strong> y los paisajes que inspiran a viajeros y so\u00f1adores.<br data-start=\"370\" data-end=\"373\" \/>Desde sus senderos contemplar\u00e1s las <strong data-start=\"409\" data-end=\"432\">cuchillas de Siecha<\/strong> y la <strong data-start=\"438\" data-end=\"464\">cordillera de Chingaza<\/strong>, hogar de nieblas y frailejones. Una experiencia que une <strong data-start=\"524\" data-end=\"565\">historia, naturaleza y espiritualidad<\/strong> en la m\u00e1gica Guatavita.<\/p>","protected":false},"excerpt":{"rendered":"<p>Que visitaras Guatavita: Uno de los pueblos de recogimiento muisca que cambio su historia despu\u00e9s de la inundaci\u00f3n en 1967 para dar espacio al Embalse Tomine, hoy este municipio es de gran atractivo tur\u00edstico para la regi\u00f3n y Colombia. Cerro montecillo: Camina por el Cerro Montecillo, el guardi\u00e1n de Guatavita, y revive la historia de [&hellip;]<\/p>","protected":false},"featured_media":803,"comment_status":"open","ping_status":"closed","template":"","meta":[],"product_cat":[17],"product_tag":[],"tipo":[22],"class_list":{"0":"post-754","1":"product","2":"type-product","3":"status-publish","4":"has-post-thumbnail","6":"product_cat-uncategorized","7":"tipo-salidas-programadas","9":"first","10":"instock","11":"virtual","12":"purchasable","13":"product-type-phive_booking"},"acf":[],"_links":{"self":[{"href":"https:\/\/andanzastravel.com.co\/en\/wp-json\/wp\/v2\/product\/754","targetHints":{"allow":["GET"]}}],"collection":[{"href":"https:\/\/andanzastravel.com.co\/en\/wp-json\/wp\/v2\/product"}],"about":[{"href":"https:\/\/andanzastravel.com.co\/en\/wp-json\/wp\/v2\/types\/product"}],"replies":[{"embeddable":true,"href":"https:\/\/andanzastravel.com.co\/en\/wp-json\/wp\/v2\/comments?post=754"}],"wp:featuredmedia":[{"embeddable":true,"href":"https:\/\/andanzastravel.com.co\/en\/wp-json\/wp\/v2\/media\/803"}],"wp:attachment":[{"href":"https:\/\/andanzastravel.com.co\/en\/wp-json\/wp\/v2\/media?parent=754"}],"wp:term":[{"taxonomy":"product_cat","embeddable":true,"href":"https:\/\/andanzastravel.com.co\/en\/wp-json\/wp\/v2\/product_cat?post=754"},{"taxonomy":"product_tag","embeddable":true,"href":"https:\/\/andanzastravel.com.co\/en\/wp-json\/wp\/v2\/product_tag?post=754"},{"taxonomy":"tipo","embeddable":true,"href":"https:\/\/andanzastravel.com.co\/en\/wp-json\/wp\/v2\/tipo?post=754"}],"curies":[{"name":"wp","href":"https:\/\/api.w.org\/{rel}","templated":true}]}}