{"id":518,"date":"2023-09-07T16:19:34","date_gmt":"2023-09-07T21:19:34","guid":{"rendered":"https:\/\/andanzastravel.com.co\/?post_type=product&#038;p=518"},"modified":"2025-11-06T11:40:05","modified_gmt":"2025-11-06T16:40:05","slug":"cerro-mataredonda","status":"publish","type":"product","link":"https:\/\/andanzastravel.com.co\/en\/salida\/cerro-mataredonda\/","title":{"rendered":"Cerro Mataredonda y Cavernas"},"content":{"rendered":"<p><strong>What will you visit?<\/strong><\/p>\n<p>Sesquil\u00e9: cuna de la leyenda del Dorado, en lengua muisca sysquy-ie \u201cCamino a la Cabeza\u201d Pueblo dorado de verdes paisajes y majestuosas monta\u00f1as, municipio de gente buena y hospitalaria, invita a visitantes y turistas a disfrutar y cuidar su territorio.<\/p>\n<p><strong>Cerro Materedonda<\/strong><\/p>\n<p>Vive la experiencia de caminar en borde de monta\u00f1a, disfrutar de la vista panor\u00e1mica de la sabana de Bogot\u00e1, observar frailejones y entrar en cavernas antiguas mientras te diriges a un lugar con una riqueza hist\u00f3rica y ancestral que marco la ruta de las lagunas sagradas, que fueron sitios de pagamento para la cosmogon\u00eda m\u00fasica.<\/p>","protected":false},"excerpt":{"rendered":"<p>Que visitaras Sesquil\u00e9: cuna de la leyenda del Dorado, en lengua muisca sysquy-ie \u201cCamino a la Cabeza\u201d Pueblo dorado de verdes paisajes y majestuosas monta\u00f1as, municipio de gente buena y hospitalaria, invita a visitantes y turistas a disfrutar y cuidar su territorio. Cerro Materedonda Vive la experiencia de caminar en borde de monta\u00f1a, disfrutar de [&hellip;]<\/p>","protected":false},"featured_media":1104,"comment_status":"open","ping_status":"closed","template":"","meta":[],"product_cat":[17],"product_tag":[],"tipo":[22],"class_list":{"0":"post-518","1":"product","2":"type-product","3":"status-publish","4":"has-post-thumbnail","6":"product_cat-uncategorized","7":"tipo-salidas-programadas","9":"first","10":"instock","11":"virtual","12":"purchasable","13":"product-type-phive_booking"},"acf":[],"_links":{"self":[{"href":"https:\/\/andanzastravel.com.co\/en\/wp-json\/wp\/v2\/product\/518","targetHints":{"allow":["GET"]}}],"collection":[{"href":"https:\/\/andanzastravel.com.co\/en\/wp-json\/wp\/v2\/product"}],"about":[{"href":"https:\/\/andanzastravel.com.co\/en\/wp-json\/wp\/v2\/types\/product"}],"replies":[{"embeddable":true,"href":"https:\/\/andanzastravel.com.co\/en\/wp-json\/wp\/v2\/comments?post=518"}],"wp:featuredmedia":[{"embeddable":true,"href":"https:\/\/andanzastravel.com.co\/en\/wp-json\/wp\/v2\/media\/1104"}],"wp:attachment":[{"href":"https:\/\/andanzastravel.com.co\/en\/wp-json\/wp\/v2\/media?parent=518"}],"wp:term":[{"taxonomy":"product_cat","embeddable":true,"href":"https:\/\/andanzastravel.com.co\/en\/wp-json\/wp\/v2\/product_cat?post=518"},{"taxonomy":"product_tag","embeddable":true,"href":"https:\/\/andanzastravel.com.co\/en\/wp-json\/wp\/v2\/product_tag?post=518"},{"taxonomy":"tipo","embeddable":true,"href":"https:\/\/andanzastravel.com.co\/en\/wp-json\/wp\/v2\/tipo?post=518"}],"curies":[{"name":"wp","href":"https:\/\/api.w.org\/{rel}","templated":true}]}}