{"id":1347,"date":"2026-02-27T18:37:10","date_gmt":"2026-02-27T23:37:10","guid":{"rendered":"https:\/\/andanzastravel.com.co\/?post_type=product&#038;p=1347"},"modified":"2026-03-02T10:20:32","modified_gmt":"2026-03-02T15:20:32","slug":"sierra-nevada-del-cocuy-2-dias","status":"publish","type":"product","link":"https:\/\/andanzastravel.com.co\/en\/salida\/sierra-nevada-del-cocuy-2-dias\/","title":{"rendered":"Sierra Nevada del Cocuy y Guican (2 dias-1 noche)"},"content":{"rendered":"<p>Descubre la majestuosidad de la <strong data-start=\"32\" data-end=\"73\"><span class=\"hover:entity-accent entity-underline inline cursor-pointer align-baseline\"><span class=\"whitespace-normal\">Sierra Nevada del Cocuy<\/span><\/span><\/strong> con un plan dise\u00f1ado para que solo te preocupes por disfrutar.<\/p>\n<div class=\"flex flex-col text-sm pb-25\">\n<article class=\"text-token-text-primary w-full focus:outline-none [--shadow-height:45px] has-data-writing-block:pointer-events-none has-data-writing-block:-mt-(--shadow-height) has-data-writing-block:pt-(--shadow-height) [&amp;:has([data-writing-block])&gt;*]:pointer-events-auto scroll-mt-[calc(var(--header-height)+min(200px,max(70px,20svh)))]\" dir=\"auto\" tabindex=\"-1\" data-turn-id=\"request-WEB:649ef43f-3634-45ac-8f0f-905dfc1210f1-0\" data-testid=\"conversation-turn-2\" data-scroll-anchor=\"true\" data-turn=\"assistant\">\n<div class=\"text-base my-auto mx-auto pb-10 [--thread-content-margin:--spacing(4)] @w-sm\/main:[--thread-content-margin:--spacing(6)] @w-lg\/main:[--thread-content-margin:--spacing(16)] px-(--thread-content-margin)\">\n<div class=\"[--thread-content-max-width:40rem] @w-lg\/main:[--thread-content-max-width:48rem] mx-auto max-w-(--thread-content-max-width) flex-1 group\/turn-messages focus-visible:outline-hidden relative flex w-full min-w-0 flex-col agent-turn\" tabindex=\"-1\">\n<div class=\"flex max-w-full flex-col grow\">\n<div class=\"min-h-8 text-message relative flex w-full flex-col items-end gap-2 text-start break-words whitespace-normal [.text-message+&amp;]:mt-1\" dir=\"auto\" data-message-author-role=\"assistant\" data-message-id=\"15801ce3-e533-4f25-91cd-a45443896ff1\" data-message-model-slug=\"gpt-5-2\">\n<div class=\"flex w-full flex-col gap-1 empty:hidden first:pt-[1px]\">\n<div class=\"markdown prose dark:prose-invert w-full wrap-break-word dark markdown-new-styling\">\n<p data-start=\"140\" data-end=\"421\">Para disfrutar de un fin de semana te llevamos a vivir una experiencia de <strong>2 d\u00edas y 1 noche todo incluido desde Bogot\u00e1<\/strong>, recorriendo uno de los paisajes m\u00e1s imponentes de Colombia: monta\u00f1as nevadas, lagunas de origen glaciar y senderos que te conectan con la grandeza de la naturaleza en su estado m\u00e1s puro \ud83c\udfd4\ufe0f\u2728<\/p>\n<p data-start=\"423\" data-end=\"767\">Nuestro diferencial es claro: <strong data-start=\"453\" data-end=\"487\">comodidad real en cada detalle<\/strong>.<br data-start=\"488\" data-end=\"491\" \/>\u2714\ufe0f Transporte amplio y confortable desde Bogot\u00e1.<br data-start=\"539\" data-end=\"542\" \/>\u2714\ufe0f Alojamiento c\u00f3modo, con opci\u00f3n de habitaci\u00f3n privada o m\u00faltiple, garantizando privacidad y tranquilidad.<br data-start=\"649\" data-end=\"652\" \/>\u2714\ufe0f Anfitriones atentos y servicio cercano.<br data-start=\"694\" data-end=\"697\" \/>\u2714\ufe0f Alimentaci\u00f3n deliciosa y completa para recargar energ\u00eda cada d\u00eda.<\/p>\n<p data-start=\"769\" data-end=\"916\">M\u00e1s que un viaje, es una experiencia bien organizada, segura y pensada para que vivas el Cocuy con confort, buena log\u00edstica y excelente atenci\u00f3n.<\/p>\n<p data-start=\"918\" data-end=\"1019\" data-is-last-node=\"\" data-is-only-node=\"\">Si vas a cumplir el sue\u00f1o de conocer el Cocuy, hazlo con un plan que est\u00e9 a la altura del destino. \ud83c\udf04<\/p>\n<\/div>\n<\/div>\n<\/div>\n<\/div>\n<div class=\"z-0 flex min-h-[46px] justify-start\"><\/div>\n<div class=\"mt-3 w-full empty:hidden\">\n<div class=\"text-center\"><\/div>\n<\/div>\n<\/div>\n<\/div>\n<\/article>\n<\/div>\n<div class=\"pointer-events-none h-px w-px absolute bottom-0\" aria-hidden=\"true\" data-edge=\"true\"><\/div>","protected":false},"excerpt":{"rendered":"<p>Descubre la majestuosidad de la Sierra Nevada del Cocuy con un plan dise\u00f1ado para que solo te preocupes por disfrutar. Para disfrutar de un fin de semana te llevamos a vivir una experiencia de 2 d\u00edas y 1 noche todo incluido desde Bogot\u00e1, recorriendo uno de los paisajes m\u00e1s imponentes de Colombia: monta\u00f1as nevadas, lagunas [&hellip;]<\/p>","protected":false},"featured_media":990,"comment_status":"open","ping_status":"closed","template":"","meta":[],"product_cat":[17],"product_tag":[],"tipo":[22],"class_list":{"0":"post-1347","1":"product","2":"type-product","3":"status-publish","4":"has-post-thumbnail","6":"product_cat-uncategorized","7":"tipo-salidas-programadas","9":"first","10":"instock","11":"featured","12":"virtual","13":"purchasable","14":"product-type-phive_booking"},"acf":[],"_links":{"self":[{"href":"https:\/\/andanzastravel.com.co\/en\/wp-json\/wp\/v2\/product\/1347","targetHints":{"allow":["GET"]}}],"collection":[{"href":"https:\/\/andanzastravel.com.co\/en\/wp-json\/wp\/v2\/product"}],"about":[{"href":"https:\/\/andanzastravel.com.co\/en\/wp-json\/wp\/v2\/types\/product"}],"replies":[{"embeddable":true,"href":"https:\/\/andanzastravel.com.co\/en\/wp-json\/wp\/v2\/comments?post=1347"}],"wp:featuredmedia":[{"embeddable":true,"href":"https:\/\/andanzastravel.com.co\/en\/wp-json\/wp\/v2\/media\/990"}],"wp:attachment":[{"href":"https:\/\/andanzastravel.com.co\/en\/wp-json\/wp\/v2\/media?parent=1347"}],"wp:term":[{"taxonomy":"product_cat","embeddable":true,"href":"https:\/\/andanzastravel.com.co\/en\/wp-json\/wp\/v2\/product_cat?post=1347"},{"taxonomy":"product_tag","embeddable":true,"href":"https:\/\/andanzastravel.com.co\/en\/wp-json\/wp\/v2\/product_tag?post=1347"},{"taxonomy":"tipo","embeddable":true,"href":"https:\/\/andanzastravel.com.co\/en\/wp-json\/wp\/v2\/tipo?post=1347"}],"curies":[{"name":"wp","href":"https:\/\/api.w.org\/{rel}","templated":true}]}}