{"id":1294,"date":"2025-12-01T12:30:06","date_gmt":"2025-12-01T17:30:06","guid":{"rendered":"https:\/\/andanzastravel.com.co\/?post_type=product&#038;p=1294"},"modified":"2025-12-01T13:52:47","modified_gmt":"2025-12-01T18:52:47","slug":"paddleenpareja","status":"publish","type":"product","link":"https:\/\/andanzastravel.com.co\/en\/salida\/paddleenpareja\/","title":{"rendered":"Paddle Match en pareja"},"content":{"rendered":"<h5 class=\"sr-only\"><span style=\"font-size: 16px;\">\ud83d\udc99 Paddle en Pareja en el Embalse del Tomin\u00e9: <\/span><\/h5>\n<p class=\"sr-only\">Vive una experiencia diferente con quien m\u00e1s quieres, desliz\u00e1ndote sobre las aguas tranquilas del embalse del Tomin\u00e9 en Guatavita, cada remada ser\u00e1 una invitaci\u00f3n a soltar la rutina, disfrutar del silencio del entorno y dejarse llevar por la serenidad y belleza del lugar Entre risas, equilibrio y paisajes que roban el aliento, descubrir\u00e1n que la verdadera aventura est\u00e1 en compartir momentos aut\u00e9nticos.<\/p>\n<p class=\"sr-only\">Un plan perfecto para desconectarse, respirar y crear recuerdos inolvidables sobre el agua.<\/p>","protected":false},"excerpt":{"rendered":"<p>\ud83d\udc99 Paddle en Pareja en el Embalse del Tomin\u00e9: Vive una experiencia diferente con quien m\u00e1s quieres, desliz\u00e1ndote sobre las aguas tranquilas del embalse del Tomin\u00e9 en Guatavita, cada remada ser\u00e1 una invitaci\u00f3n a soltar la rutina, disfrutar del silencio del entorno y dejarse llevar por la serenidad y belleza del lugar Entre risas, equilibrio [&hellip;]<\/p>","protected":false},"featured_media":1249,"comment_status":"open","ping_status":"closed","template":"","meta":[],"product_cat":[17],"product_tag":[69,68,72,71,70],"tipo":[22],"class_list":{"0":"post-1294","1":"product","2":"type-product","3":"status-publish","4":"has-post-thumbnail","6":"product_cat-uncategorized","7":"product_tag-paddle-en-guatavita","8":"product_tag-paddle-en-tomine","9":"product_tag-plan-en-pareja-en-guatavita","10":"product_tag-remar-en-el-embalse-el-tomine","11":"product_tag-remar-en-guatavita","12":"tipo-salidas-programadas","14":"first","15":"instock","16":"virtual","17":"purchasable","18":"product-type-phive_booking"},"acf":[],"_links":{"self":[{"href":"https:\/\/andanzastravel.com.co\/en\/wp-json\/wp\/v2\/product\/1294","targetHints":{"allow":["GET"]}}],"collection":[{"href":"https:\/\/andanzastravel.com.co\/en\/wp-json\/wp\/v2\/product"}],"about":[{"href":"https:\/\/andanzastravel.com.co\/en\/wp-json\/wp\/v2\/types\/product"}],"replies":[{"embeddable":true,"href":"https:\/\/andanzastravel.com.co\/en\/wp-json\/wp\/v2\/comments?post=1294"}],"wp:featuredmedia":[{"embeddable":true,"href":"https:\/\/andanzastravel.com.co\/en\/wp-json\/wp\/v2\/media\/1249"}],"wp:attachment":[{"href":"https:\/\/andanzastravel.com.co\/en\/wp-json\/wp\/v2\/media?parent=1294"}],"wp:term":[{"taxonomy":"product_cat","embeddable":true,"href":"https:\/\/andanzastravel.com.co\/en\/wp-json\/wp\/v2\/product_cat?post=1294"},{"taxonomy":"product_tag","embeddable":true,"href":"https:\/\/andanzastravel.com.co\/en\/wp-json\/wp\/v2\/product_tag?post=1294"},{"taxonomy":"tipo","embeddable":true,"href":"https:\/\/andanzastravel.com.co\/en\/wp-json\/wp\/v2\/tipo?post=1294"}],"curies":[{"name":"wp","href":"https:\/\/api.w.org\/{rel}","templated":true}]}}