{"id":1270,"date":"2025-11-27T14:33:02","date_gmt":"2025-11-27T19:33:02","guid":{"rendered":"https:\/\/andanzastravel.com.co\/?post_type=product&#038;p=1270"},"modified":"2026-01-23T12:23:11","modified_gmt":"2026-01-23T17:23:11","slug":"senderismoyvelerosesquile","status":"publish","type":"product","link":"https:\/\/andanzastravel.com.co\/en\/salida\/senderismoyvelerosesquile\/","title":{"rendered":"Sesquil\u00e9: Cerro Tres Viejas + Paseo en velero"},"content":{"rendered":"<p><strong data-start=\"138\" data-end=\"194\">Cerro Las Tres Viejas + Paseo en Velero en Tomin\u00e9<\/strong><\/p>\n<article class=\"text-token-text-primary w-full focus:outline-none [--shadow-height:45px] has-data-writing-block:pointer-events-none has-data-writing-block:-mt-(--shadow-height) has-data-writing-block:pt-(--shadow-height) [&amp;:has([data-writing-block])&gt;*]:pointer-events-auto scroll-mt-[calc(var(--header-height)+min(200px,max(70px,20svh)))]\" dir=\"auto\" tabindex=\"-1\" data-turn-id=\"request-WEB:09f835bf-438b-47f8-9d96-84a72eab02f1-1\" data-testid=\"conversation-turn-4\" data-scroll-anchor=\"true\" data-turn=\"assistant\">\n<div class=\"text-base my-auto mx-auto pb-10 [--thread-content-margin:--spacing(4)] thread-sm:[--thread-content-margin:--spacing(6)] thread-lg:[--thread-content-margin:--spacing(16)] px-(--thread-content-margin)\">\n<div class=\"[--thread-content-max-width:40rem] thread-lg:[--thread-content-max-width:48rem] mx-auto max-w-(--thread-content-max-width) flex-1 group\/turn-messages focus-visible:outline-hidden relative flex w-full min-w-0 flex-col agent-turn\" tabindex=\"-1\">\n<div class=\"flex max-w-full flex-col grow\">\n<div class=\"min-h-8 text-message relative flex w-full flex-col items-end gap-2 text-start break-words whitespace-normal [.text-message+&amp;]:mt-1\" dir=\"auto\" data-message-author-role=\"assistant\" data-message-id=\"3f8c3d1d-1b1a-4cee-a85a-38b3dba0b4e7\" data-message-model-slug=\"gpt-5-1\">\n<div class=\"flex w-full flex-col gap-1 empty:hidden first:pt-[1px]\">\n<div class=\"markdown prose dark:prose-invert w-full break-words dark markdown-new-styling\">\n<p data-start=\"196\" data-end=\"637\">Descubre en pareja un plan que une aventura y conexi\u00f3n. Iniciaremos con un recorrido por el <strong data-start=\"291\" data-end=\"316\">Cerro Las Tres Viejas<\/strong>, un lugar lleno de historia y energ\u00eda ancestral en Sesquil\u00e9. Caminaremos por antiguos caminos de herradura y senderos reales que revelan lo hermoso de esta regi\u00f3n. En la cumbre, te esperan <strong data-start=\"521\" data-end=\"546\">vistas espectaculares<\/strong> de la sabana de Bogot\u00e1, el Embalse del Tomin\u00e9 y la inmensidad de un entorno natural \u00fanico.<\/p>\n<p data-start=\"639\" data-end=\"991\">Para completar la experiencia, vivir\u00e1s un inolvidable <strong data-start=\"693\" data-end=\"749\">paseo en velero por el majestuoso Embalse del Tomin\u00e9<\/strong>, en Guatavita. Navega al ritmo del viento mientras disfrutas de paisajes imponentes, aguas tranquilas y atardeceres que te dejar\u00e1n sin aliento. Con sus 17 km de extensi\u00f3n, este plan es ideal para disfrutar en familia, con amigos o en pareja.<\/p>\n<p data-start=\"993\" data-end=\"1064\" data-is-last-node=\"\" data-is-only-node=\"\">Un d\u00eda perfecto para conectar, respirar y crear recuerdos que perduran.<\/p>\n<\/div>\n<\/div>\n<\/div>\n<\/div>\n<div class=\"z-0 flex min-h-[46px] justify-start\"><\/div>\n<div class=\"mt-3 w-full empty:hidden\">\n<div class=\"text-center\"><\/div>\n<\/div>\n<\/div>\n<\/div>\n<\/article>\n<div class=\"pointer-events-none h-px w-px\" aria-hidden=\"true\" data-edge=\"true\"><\/div>","protected":false},"excerpt":{"rendered":"<p>Cerro Las Tres Viejas + Paseo en Velero en Tomin\u00e9 Descubre en pareja un plan que une aventura y conexi\u00f3n. Iniciaremos con un recorrido por el Cerro Las Tres Viejas, un lugar lleno de historia y energ\u00eda ancestral en Sesquil\u00e9. Caminaremos por antiguos caminos de herradura y senderos reales que revelan lo hermoso de esta [&hellip;]<\/p>","protected":false},"featured_media":1321,"comment_status":"open","ping_status":"closed","template":"","meta":[],"product_cat":[17],"product_tag":[],"tipo":[23,22],"class_list":{"0":"post-1270","1":"product","2":"type-product","3":"status-publish","4":"has-post-thumbnail","6":"product_cat-uncategorized","7":"tipo-salidas-abiertas","8":"tipo-salidas-programadas","10":"first","11":"instock","12":"virtual","13":"purchasable","14":"product-type-phive_booking"},"acf":[],"_links":{"self":[{"href":"https:\/\/andanzastravel.com.co\/en\/wp-json\/wp\/v2\/product\/1270","targetHints":{"allow":["GET"]}}],"collection":[{"href":"https:\/\/andanzastravel.com.co\/en\/wp-json\/wp\/v2\/product"}],"about":[{"href":"https:\/\/andanzastravel.com.co\/en\/wp-json\/wp\/v2\/types\/product"}],"replies":[{"embeddable":true,"href":"https:\/\/andanzastravel.com.co\/en\/wp-json\/wp\/v2\/comments?post=1270"}],"wp:featuredmedia":[{"embeddable":true,"href":"https:\/\/andanzastravel.com.co\/en\/wp-json\/wp\/v2\/media\/1321"}],"wp:attachment":[{"href":"https:\/\/andanzastravel.com.co\/en\/wp-json\/wp\/v2\/media?parent=1270"}],"wp:term":[{"taxonomy":"product_cat","embeddable":true,"href":"https:\/\/andanzastravel.com.co\/en\/wp-json\/wp\/v2\/product_cat?post=1270"},{"taxonomy":"product_tag","embeddable":true,"href":"https:\/\/andanzastravel.com.co\/en\/wp-json\/wp\/v2\/product_tag?post=1270"},{"taxonomy":"tipo","embeddable":true,"href":"https:\/\/andanzastravel.com.co\/en\/wp-json\/wp\/v2\/tipo?post=1270"}],"curies":[{"name":"wp","href":"https:\/\/api.w.org\/{rel}","templated":true}]}}