{"id":127,"date":"2023-06-02T16:41:14","date_gmt":"2023-06-02T21:41:14","guid":{"rendered":"https:\/\/andanzastravel.com.co\/?post_type=product&#038;p=127"},"modified":"2026-02-23T09:54:55","modified_gmt":"2026-02-23T14:54:55","slug":"paramo-de-guatanfur","status":"publish","type":"product","link":"https:\/\/andanzastravel.com.co\/en\/salida\/paramo-de-guatanfur\/","title":{"rendered":"P\u00e1ramo de Guatanfur"},"content":{"rendered":"<p><strong>What will you visit?<\/strong><\/p>\n<p>Sesquil\u00e9:\u00a0cuna de la leyenda del Dorado, en lengua muisca sysquy-ie \u201cCamino a la Cabeza\u201d Pueblo dorado de verdes paisajes y majestuosas monta\u00f1as, municipio de gente buena y hospitalaria, invita a visitantes y turistas a disfrutar y cuidar su territorio<\/p>\n<p><strong>Paramo de Guatanfur y Cerro Pan de Az\u00facar<\/strong><\/p>\n<p>Tendr\u00e1s la oportunidad de conocer un P\u00e1ramo densamente poblado de frailejones y puyas de gran tama\u00f1o, contrafuertes rocosos que sirven de barrera natural para proteger un hermoso bosque de niebla donde habita el oso andino \ud83d\udc3b y llegar al Cerro Pan de Az\u00facar, una monta\u00f1a ancestral donde los muiscas hac\u00edan sus pagamentos \u2728<\/p>\n<p>Este es uno de aquellos lugares que permanecen casi intactos en el tiempo y que representan lo m\u00e1s hermoso de los P\u00e1ramos de Colombia.<\/p>\n<p>Podr\u00e1s disfrutar del trato c\u00e1lido de los campesinos, conocer sus historias y disfrutar de una deliciosa comida con sabor de campo.<\/p>\n<p>Haz parte de esta experiencia ancestral y natural.<\/p>","protected":false},"excerpt":{"rendered":"<p>Ad\u00e9ntrate en el coraz\u00f3n de un p\u00e1ramo \u00fanico, donde la naturaleza intacta y la historia muisca te esperan para vivir una experiencia inolvidable<\/p>","protected":false},"featured_media":770,"comment_status":"open","ping_status":"closed","template":"","meta":[],"product_cat":[17],"product_tag":[],"tipo":[22],"class_list":{"0":"post-127","1":"product","2":"type-product","3":"status-publish","4":"has-post-thumbnail","6":"product_cat-uncategorized","7":"tipo-salidas-programadas","9":"first","10":"instock","11":"featured","12":"virtual","13":"purchasable","14":"product-type-phive_booking"},"acf":[],"_links":{"self":[{"href":"https:\/\/andanzastravel.com.co\/en\/wp-json\/wp\/v2\/product\/127","targetHints":{"allow":["GET"]}}],"collection":[{"href":"https:\/\/andanzastravel.com.co\/en\/wp-json\/wp\/v2\/product"}],"about":[{"href":"https:\/\/andanzastravel.com.co\/en\/wp-json\/wp\/v2\/types\/product"}],"replies":[{"embeddable":true,"href":"https:\/\/andanzastravel.com.co\/en\/wp-json\/wp\/v2\/comments?post=127"}],"wp:featuredmedia":[{"embeddable":true,"href":"https:\/\/andanzastravel.com.co\/en\/wp-json\/wp\/v2\/media\/770"}],"wp:attachment":[{"href":"https:\/\/andanzastravel.com.co\/en\/wp-json\/wp\/v2\/media?parent=127"}],"wp:term":[{"taxonomy":"product_cat","embeddable":true,"href":"https:\/\/andanzastravel.com.co\/en\/wp-json\/wp\/v2\/product_cat?post=127"},{"taxonomy":"product_tag","embeddable":true,"href":"https:\/\/andanzastravel.com.co\/en\/wp-json\/wp\/v2\/product_tag?post=127"},{"taxonomy":"tipo","embeddable":true,"href":"https:\/\/andanzastravel.com.co\/en\/wp-json\/wp\/v2\/tipo?post=127"}],"curies":[{"name":"wp","href":"https:\/\/api.w.org\/{rel}","templated":true}]}}