{"id":1243,"date":"2025-10-04T17:08:55","date_gmt":"2025-10-04T22:08:55","guid":{"rendered":"https:\/\/andanzastravel.com.co\/?post_type=product&#038;p=1243"},"modified":"2026-02-27T17:33:21","modified_gmt":"2026-02-27T22:33:21","slug":"paddleboard","status":"publish","type":"product","link":"https:\/\/andanzastravel.com.co\/en\/salida\/paddleboard\/","title":{"rendered":"Paddle Sporty"},"content":{"rendered":"<p data-start=\"0\" data-end=\"295\">\ud83d\udc99 <strong data-start=\"3\" data-end=\"38\">Paddle en el Embalse del Tomin\u00e9<\/strong><br data-start=\"38\" data-end=\"41\" data-is-only-node=\"\" \/>Vive una experiencia diferente desliz\u00e1ndote sobre las aguas tranquilas de Guatavita en tu propia tabla de SUP. Cada remada es una invitaci\u00f3n a soltar la rutina, disfrutar del silencio del entorno y dejarte llevar por la serenidad y belleza del embalse.<\/p>\n<p data-start=\"297\" data-end=\"616\" data-is-last-node=\"\" data-is-only-node=\"\">Ya sea que vengas con amigos, en familia o solo para conocer nuevas personas, entre risas, equilibrio y paisajes que roban el aliento descubrir\u00e1s que la verdadera aventura est\u00e1 en conectar contigo mismo y con quienes te acompa\u00f1an. Un plan perfecto para desconectarte, respirar y crear momentos aut\u00e9nticos sobre el agua.<\/p>","protected":false},"excerpt":{"rendered":"<p>\ud83d\udc99 Paddle en el Embalse del Tomin\u00e9Vive una experiencia diferente desliz\u00e1ndote sobre las aguas tranquilas de Guatavita en tu propia tabla de SUP. Cada remada es una invitaci\u00f3n a soltar la rutina, disfrutar del silencio del entorno y dejarte llevar por la serenidad y belleza del embalse. Ya sea que vengas con amigos, en familia [&hellip;]<\/p>","protected":false},"featured_media":1281,"comment_status":"open","ping_status":"closed","template":"","meta":[],"product_cat":[17],"product_tag":[69,68,72,71,70],"tipo":[22],"class_list":{"0":"post-1243","1":"product","2":"type-product","3":"status-publish","4":"has-post-thumbnail","6":"product_cat-uncategorized","7":"product_tag-paddle-en-guatavita","8":"product_tag-paddle-en-tomine","9":"product_tag-plan-en-pareja-en-guatavita","10":"product_tag-remar-en-el-embalse-el-tomine","11":"product_tag-remar-en-guatavita","12":"tipo-salidas-programadas","14":"first","15":"instock","16":"virtual","17":"purchasable","18":"product-type-phive_booking"},"acf":[],"_links":{"self":[{"href":"https:\/\/andanzastravel.com.co\/en\/wp-json\/wp\/v2\/product\/1243","targetHints":{"allow":["GET"]}}],"collection":[{"href":"https:\/\/andanzastravel.com.co\/en\/wp-json\/wp\/v2\/product"}],"about":[{"href":"https:\/\/andanzastravel.com.co\/en\/wp-json\/wp\/v2\/types\/product"}],"replies":[{"embeddable":true,"href":"https:\/\/andanzastravel.com.co\/en\/wp-json\/wp\/v2\/comments?post=1243"}],"wp:featuredmedia":[{"embeddable":true,"href":"https:\/\/andanzastravel.com.co\/en\/wp-json\/wp\/v2\/media\/1281"}],"wp:attachment":[{"href":"https:\/\/andanzastravel.com.co\/en\/wp-json\/wp\/v2\/media?parent=1243"}],"wp:term":[{"taxonomy":"product_cat","embeddable":true,"href":"https:\/\/andanzastravel.com.co\/en\/wp-json\/wp\/v2\/product_cat?post=1243"},{"taxonomy":"product_tag","embeddable":true,"href":"https:\/\/andanzastravel.com.co\/en\/wp-json\/wp\/v2\/product_tag?post=1243"},{"taxonomy":"tipo","embeddable":true,"href":"https:\/\/andanzastravel.com.co\/en\/wp-json\/wp\/v2\/tipo?post=1243"}],"curies":[{"name":"wp","href":"https:\/\/api.w.org\/{rel}","templated":true}]}}