{"id":1223,"date":"2025-08-31T14:39:01","date_gmt":"2025-08-31T19:39:01","guid":{"rendered":"https:\/\/andanzastravel.com.co\/?post_type=product&#038;p=1223"},"modified":"2025-11-06T12:01:44","modified_gmt":"2025-11-06T17:01:44","slug":"lagunasdesiecha","status":"publish","type":"product","link":"https:\/\/andanzastravel.com.co\/en\/salida\/lagunasdesiecha\/","title":{"rendered":"Lagunas de Siecha"},"content":{"rendered":"<p><strong>Lagunas Sagradas de Siecha<\/strong><\/p>\n<p>Atr\u00e9vete a descubrir la magia de las <strong data-start=\"37\" data-end=\"67\">Lagunas Sagradas de Siecha<\/strong>, un para\u00edso escondido en el coraz\u00f3n del Parque Nacional Natural Chingaza.<br data-start=\"141\" data-end=\"144\" \/>Camina entre frailejones y p\u00e1ramos \u00fanicos mientras conectas con la energ\u00eda ancestral de los muiscas, vive la experiencia de contemplar tres lagunas de origen glaciar rodeadas de paisajes imponentes.<br data-start=\"344\" data-end=\"347\" \/>Respira aire puro a m\u00e1s de 3.500 metros de altura y siente la tranquilidad que solo la monta\u00f1a puede dar, es un plan perfecto para quienes buscan aventura, naturaleza y espiritualidad en un solo destino.<\/p>","protected":false},"excerpt":{"rendered":"<p>Ad\u00e9ntrate en el coraz\u00f3n de un p\u00e1ramo \u00fanico, donde la naturaleza intacta y la historia muisca te esperan para vivir una experiencia inolvidable<\/p>","protected":false},"featured_media":1227,"comment_status":"open","ping_status":"closed","template":"","meta":[],"product_cat":[17],"product_tag":[],"tipo":[22],"class_list":{"0":"post-1223","1":"product","2":"type-product","3":"status-publish","4":"has-post-thumbnail","6":"product_cat-uncategorized","7":"tipo-salidas-programadas","9":"first","10":"instock","11":"featured","12":"virtual","13":"purchasable","14":"product-type-phive_booking"},"acf":[],"_links":{"self":[{"href":"https:\/\/andanzastravel.com.co\/en\/wp-json\/wp\/v2\/product\/1223","targetHints":{"allow":["GET"]}}],"collection":[{"href":"https:\/\/andanzastravel.com.co\/en\/wp-json\/wp\/v2\/product"}],"about":[{"href":"https:\/\/andanzastravel.com.co\/en\/wp-json\/wp\/v2\/types\/product"}],"replies":[{"embeddable":true,"href":"https:\/\/andanzastravel.com.co\/en\/wp-json\/wp\/v2\/comments?post=1223"}],"wp:featuredmedia":[{"embeddable":true,"href":"https:\/\/andanzastravel.com.co\/en\/wp-json\/wp\/v2\/media\/1227"}],"wp:attachment":[{"href":"https:\/\/andanzastravel.com.co\/en\/wp-json\/wp\/v2\/media?parent=1223"}],"wp:term":[{"taxonomy":"product_cat","embeddable":true,"href":"https:\/\/andanzastravel.com.co\/en\/wp-json\/wp\/v2\/product_cat?post=1223"},{"taxonomy":"product_tag","embeddable":true,"href":"https:\/\/andanzastravel.com.co\/en\/wp-json\/wp\/v2\/product_tag?post=1223"},{"taxonomy":"tipo","embeddable":true,"href":"https:\/\/andanzastravel.com.co\/en\/wp-json\/wp\/v2\/tipo?post=1223"}],"curies":[{"name":"wp","href":"https:\/\/api.w.org\/{rel}","templated":true}]}}