{"id":1210,"date":"2025-08-31T11:10:53","date_gmt":"2025-08-31T16:10:53","guid":{"rendered":"https:\/\/andanzastravel.com.co\/?post_type=product&#038;p=1210"},"modified":"2026-02-27T17:42:18","modified_gmt":"2026-02-27T22:42:18","slug":"cabanalasacacias","status":"publish","type":"product","link":"https:\/\/andanzastravel.com.co\/en\/salida\/cabanalasacacias\/","title":{"rendered":"Caba\u00f1as las Acacias"},"content":{"rendered":"<p data-start=\"138\" data-end=\"479\">A solo pasos del centro de Guatavita y con una vista privilegiada al Embalse del Tomin\u00e9, nuestra caba\u00f1a es el lugar perfecto para descansar, rodearte de naturaleza y disfrutar de momentos \u00fanicos en un entorno acogedor.<\/p>","protected":false},"excerpt":{"rendered":"<p>A solo pasos del centro de Guatavita y con una vista privilegiada al Embalse del Tomin\u00e9, nuestra caba\u00f1a es el lugar perfecto para descansar, rodearte de naturaleza y disfrutar de momentos \u00fanicos en un entorno acogedor.<\/p>","protected":false},"featured_media":1220,"comment_status":"open","ping_status":"closed","template":"","meta":[],"product_cat":[17],"product_tag":[63,64],"tipo":[24],"class_list":{"0":"post-1210","1":"product","2":"type-product","3":"status-publish","4":"has-post-thumbnail","6":"product_cat-uncategorized","7":"product_tag-camping-en-guatavita","8":"product_tag-hospedaje-guatavita","9":"tipo-alojamientos-posadas","11":"first","12":"instock","13":"virtual","14":"purchasable","15":"product-type-phive_booking"},"acf":[],"_links":{"self":[{"href":"https:\/\/andanzastravel.com.co\/en\/wp-json\/wp\/v2\/product\/1210","targetHints":{"allow":["GET"]}}],"collection":[{"href":"https:\/\/andanzastravel.com.co\/en\/wp-json\/wp\/v2\/product"}],"about":[{"href":"https:\/\/andanzastravel.com.co\/en\/wp-json\/wp\/v2\/types\/product"}],"replies":[{"embeddable":true,"href":"https:\/\/andanzastravel.com.co\/en\/wp-json\/wp\/v2\/comments?post=1210"}],"wp:featuredmedia":[{"embeddable":true,"href":"https:\/\/andanzastravel.com.co\/en\/wp-json\/wp\/v2\/media\/1220"}],"wp:attachment":[{"href":"https:\/\/andanzastravel.com.co\/en\/wp-json\/wp\/v2\/media?parent=1210"}],"wp:term":[{"taxonomy":"product_cat","embeddable":true,"href":"https:\/\/andanzastravel.com.co\/en\/wp-json\/wp\/v2\/product_cat?post=1210"},{"taxonomy":"product_tag","embeddable":true,"href":"https:\/\/andanzastravel.com.co\/en\/wp-json\/wp\/v2\/product_tag?post=1210"},{"taxonomy":"tipo","embeddable":true,"href":"https:\/\/andanzastravel.com.co\/en\/wp-json\/wp\/v2\/tipo?post=1210"}],"curies":[{"name":"wp","href":"https:\/\/api.w.org\/{rel}","templated":true}]}}