{"id":1115,"date":"2025-03-24T12:29:09","date_gmt":"2025-03-24T17:29:09","guid":{"rendered":"https:\/\/andanzastravel.com.co\/?post_type=product&#038;p=1115"},"modified":"2026-02-27T17:42:55","modified_gmt":"2026-02-27T22:42:55","slug":"penasblancas","status":"publish","type":"product","link":"https:\/\/andanzastravel.com.co\/en\/salida\/penasblancas\/","title":{"rendered":"Pe\u00f1as Blancas"},"content":{"rendered":"<p><strong>What will you visit?<\/strong><\/p>\n<p><b>Tocancip\u00e1<\/b><\/p>\n<p>\u201cValle de la Honorable Labranza\u201d, Tocancip\u00e1 es un municipio donde la tradici\u00f3n muisca y el desarrollo moderno se encuentran. Sus paisajes verdes, su riqueza cultural y su gente amable hacen de este destino un lugar \u00fanico para descubrir. Visitantes y turistas son bienvenidos a disfrutar y cuidar este territorio lleno de historia y naturaleza.<\/p>\n<p><strong>Pe\u00f1as Blancas<\/strong><\/p>\n<p>Un tesoro natural donde imponentes formaciones rocosas blancas se alzan como guardianas de la historia muisca. Recorre senderos rodeados de flora nativa, siente la energ\u00eda de este antiguo sitio sagrado y marav\u00edllate con las vistas panor\u00e1micas de la regi\u00f3n. Cada paso es una invitaci\u00f3n a la aventura, a la conexi\u00f3n con la naturaleza y al descubrimiento de un paisaje \u00fanico. \u00a1\u00danete a esta experiencia inolvidable y deja que la magia de Pe\u00f1as Blancas te envuelva!<\/p>","protected":false},"excerpt":{"rendered":"<p>Pe\u00f1as Blancas en Tocancip\u00e1, un santuario natural de imponentes rocas blancas, senderos nativos y vistas que conectan con la historia muisca.<\/p>","protected":false},"featured_media":1125,"comment_status":"open","ping_status":"closed","template":"","meta":[],"product_cat":[17],"product_tag":[54,55],"tipo":[22],"class_list":{"0":"post-1115","1":"product","2":"type-product","3":"status-publish","4":"has-post-thumbnail","6":"product_cat-uncategorized","7":"product_tag-penas-blancas","8":"product_tag-tocancipa","9":"tipo-salidas-programadas","11":"first","12":"instock","13":"virtual","14":"purchasable","15":"product-type-phive_booking"},"acf":[],"_links":{"self":[{"href":"https:\/\/andanzastravel.com.co\/en\/wp-json\/wp\/v2\/product\/1115","targetHints":{"allow":["GET"]}}],"collection":[{"href":"https:\/\/andanzastravel.com.co\/en\/wp-json\/wp\/v2\/product"}],"about":[{"href":"https:\/\/andanzastravel.com.co\/en\/wp-json\/wp\/v2\/types\/product"}],"replies":[{"embeddable":true,"href":"https:\/\/andanzastravel.com.co\/en\/wp-json\/wp\/v2\/comments?post=1115"}],"wp:featuredmedia":[{"embeddable":true,"href":"https:\/\/andanzastravel.com.co\/en\/wp-json\/wp\/v2\/media\/1125"}],"wp:attachment":[{"href":"https:\/\/andanzastravel.com.co\/en\/wp-json\/wp\/v2\/media?parent=1115"}],"wp:term":[{"taxonomy":"product_cat","embeddable":true,"href":"https:\/\/andanzastravel.com.co\/en\/wp-json\/wp\/v2\/product_cat?post=1115"},{"taxonomy":"product_tag","embeddable":true,"href":"https:\/\/andanzastravel.com.co\/en\/wp-json\/wp\/v2\/product_tag?post=1115"},{"taxonomy":"tipo","embeddable":true,"href":"https:\/\/andanzastravel.com.co\/en\/wp-json\/wp\/v2\/tipo?post=1115"}],"curies":[{"name":"wp","href":"https:\/\/api.w.org\/{rel}","templated":true}]}}