{"id":1021,"date":"2025-01-07T16:11:50","date_gmt":"2025-01-07T21:11:50","guid":{"rendered":"https:\/\/andanzastravel.com.co\/?post_type=product&#038;p=1021"},"modified":"2025-11-06T11:24:17","modified_gmt":"2025-11-06T16:24:17","slug":"cuchilla-frailejonal","status":"publish","type":"product","link":"https:\/\/andanzastravel.com.co\/en\/salida\/cuchilla-frailejonal\/","title":{"rendered":"Cuchilla Frailejonal"},"content":{"rendered":"<p>Tendr\u00e1s la oportunidad de conocer un hermoso destino poco explorado dentro del enorme y hermoso P\u00e1ramo de Sesquil\u00e9, Cuchilla frailejonal, este es un recorrido poblado de gran vegetaci\u00f3n nativa como frailejones y fuentes de agua que dan vida a este ecosistema. Este es uno de aquellos lugares que permanecen casi intactos en el tiempo y que representan lo m\u00e1s hermoso de la regi\u00f3n.<\/p>\n<p>Haz parte de esta experiencia ancestral y natural en Cuchilla Frailejonal.<\/p>","protected":false},"excerpt":{"rendered":"<p>Cuchilla Frailejonal, donde la naturaleza intacta y la historia muisca te esperan para vivir una experiencia inolvidable en Sesquil\u00e9<\/p>","protected":false},"featured_media":1023,"comment_status":"open","ping_status":"closed","template":"","meta":[],"product_cat":[17],"product_tag":[50,47,48,49],"tipo":[22],"class_list":{"0":"post-1021","1":"product","2":"type-product","3":"status-publish","4":"has-post-thumbnail","6":"product_cat-uncategorized","7":"product_tag-caminata","8":"product_tag-cuchilla-frailejonal","9":"product_tag-paramo","10":"product_tag-sesquile","11":"tipo-salidas-programadas","13":"first","14":"instock","15":"featured","16":"virtual","17":"purchasable","18":"product-type-phive_booking"},"acf":[],"_links":{"self":[{"href":"https:\/\/andanzastravel.com.co\/en\/wp-json\/wp\/v2\/product\/1021","targetHints":{"allow":["GET"]}}],"collection":[{"href":"https:\/\/andanzastravel.com.co\/en\/wp-json\/wp\/v2\/product"}],"about":[{"href":"https:\/\/andanzastravel.com.co\/en\/wp-json\/wp\/v2\/types\/product"}],"replies":[{"embeddable":true,"href":"https:\/\/andanzastravel.com.co\/en\/wp-json\/wp\/v2\/comments?post=1021"}],"wp:featuredmedia":[{"embeddable":true,"href":"https:\/\/andanzastravel.com.co\/en\/wp-json\/wp\/v2\/media\/1023"}],"wp:attachment":[{"href":"https:\/\/andanzastravel.com.co\/en\/wp-json\/wp\/v2\/media?parent=1021"}],"wp:term":[{"taxonomy":"product_cat","embeddable":true,"href":"https:\/\/andanzastravel.com.co\/en\/wp-json\/wp\/v2\/product_cat?post=1021"},{"taxonomy":"product_tag","embeddable":true,"href":"https:\/\/andanzastravel.com.co\/en\/wp-json\/wp\/v2\/product_tag?post=1021"},{"taxonomy":"tipo","embeddable":true,"href":"https:\/\/andanzastravel.com.co\/en\/wp-json\/wp\/v2\/tipo?post=1021"}],"curies":[{"name":"wp","href":"https:\/\/api.w.org\/{rel}","templated":true}]}}