{"id":746,"date":"2023-09-18T15:41:02","date_gmt":"2023-09-18T20:41:02","guid":{"rendered":"https:\/\/andanzastravel.com.co\/?page_id=746"},"modified":"2023-09-18T15:41:03","modified_gmt":"2023-09-18T20:41:03","slug":"politica-de-turismo-sostenible","status":"publish","type":"page","link":"https:\/\/andanzastravel.com.co\/en\/politica-de-turismo-sostenible\/","title":{"rendered":"SUSTAINABLE TOURISM POLICY"},"content":{"rendered":"<p>Andanzas Travel es una agencia de viajes que desarrolla actividades de ecoturismo en el territorio colombiano, que trabaja de la mano de aliados locales (gu\u00edas, agencias, comunidades), a su vez es consciente de la importancia de mantener y fomentar el turismo sostenible, y asumidos los principios, t\u00e9rminos y condiciones adoptados de la normatividad legal vigente. Nosotros como Agencia de Viajes, nos comprometemos a realizar una gesti\u00f3n sostenible de nuestras actividades, productos y servicios, mediante la adopci\u00f3n de compromisos orientados a la responsabilidad ambiental desde nuestras actividades, mediante la implementaci\u00f3n de programas de gesti\u00f3n para la sostenibilidad, y as\u00ed optimizar el crecimiento de la agencia, mejorando su interacci\u00f3n con el entorno.<br><br>En ese mismo sentido, ANDANZAS ha adoptado la siguiente pol\u00edtica de sostenibilidad, mediante la cual se compromete a cumplir los requerimientos legales vigentes aplicables que regulan los efectos generados por la actividad tur\u00edstica. Igualmente, nos comprometemos a motivar y capacitar a nuestros colaboradores, aliados locales y clientes para concientizar sobre los principios del turismo sostenible, a promover buenas pr\u00e1cticas ambientales, participar en actividades externas relacionadas con la sostenibilidad, e informar tanto internamente y externamente sobre los avances de gesti\u00f3n medioambiental de la empresa, incentivando el uso racional de los recursos naturales, priorizando aquellos que son de vital importancia para el ser humano. De igual forma nos comprometemos a ofertar nuestros productos y servicios en contra de la ESCNNA-Explotaci\u00f3n Sexual y Comercial de Ni\u00f1os, Ni\u00f1as y Adolescentes y divulgar est\u00e1 informaci\u00f3n en medios magn\u00e9ticos y de socializaci\u00f3n.<br>Uno de nuestros principales objetivos es perfeccionar la gesti\u00f3n sostenible, asumiendo los compromisos de mejora continua en todos los \u00e1mbitos de la sostenibilidad: sociocultural, econ\u00f3mico y ambiental, as\u00ed como en la satisfacci\u00f3n de las necesidades y expectativas de las partes interesadas. Para ello, se someter\u00e1n los proyectos o actividades a criterios de sostenibilidad y eficiencia en el uso de recursos, siendo emp\u00e1ticos con el ambiente.<br><br>Esta pol\u00edtica de turismo sostenible se actualizar\u00e1 siempre que las circunstancias lo requieran, adoptando y publicando en ambos casos nuevos objetivos de sostenibilidad.<br>As\u00ed mismo se establecen los derechos y deberes para las partes interesadas de acuerdo con esta pol\u00edtica.<br><br>Derechos y deberes para la sostenibilidad.<br>Colaboradores Andanzas Travel<br>\u00b7 Conocer la informaci\u00f3n del Sistema de Gesti\u00f3n para la Sostenibilidad.<br>\u00b7 Conocer los requisitos legales aplicables a los procesos de la agencia.<br>\u00b7 Involucrarse de forma activa con lo planteado en el Sistema de Gesti\u00f3n para la Sostenibilidad.<br>\u00b7 Reportar un caso que atente contra el ambiente y de ESCNNA-Explotaci\u00f3n Sexual y Comercial de Ni\u00f1os, Ni\u00f1as y Adolescentes.<br><br>Proveedores<br>\u00b7 Conocer los programas de gesti\u00f3n de la agencia para la Sostenibilidad.<br>\u00b7 Conocer los requisitos legales aplicables a los procesos de la agencia.<br>\u00b7 Conocer los \u00e1mbitos en los cuales la agencia interviene con el sistema de gesti\u00f3n para la Sostenibilidad.<br>\u00b7 Divulgar informaci\u00f3n sobre procesos y requisitos legales de sostenibilidad que implemente.<br>\u00b7 Evitar la promoci\u00f3n de actividades de explotaci\u00f3n sexual y comercial de ni\u00f1os ni\u00f1as y adolescentes.<br>\u00b7 Evitar la promoci\u00f3n y explotaci\u00f3n de material vegetal y fauna de los lugares ofertados.<br><br>Clientes<br>\u00b7 Conocer los programas de gesti\u00f3n de la agencia para la sostenibilidad.<br>\u00b7 Conocer los requisitos legales aplicables a los procesos de la agencia.<br>\u00b7 Cumplir los requisitos legales para prevenir la explotaci\u00f3n sexual y comercial de ni\u00f1os ni\u00f1as y adolescentes.<br>\u00b7 Hacer separaci\u00f3n adecuada en la fuente de los residuos generados.<br>\u00b7 Respetar los lugares ofertados y acoger sus pol\u00edticas.<br>\u00b7 No acceder ni comprar, material vegetal o fauna de los lugares ofertados.<\/p>","protected":false},"excerpt":{"rendered":"<p>Andanzas Travel es una agencia de viajes que desarrolla actividades de ecoturismo en el territorio colombiano, que trabaja de la mano de aliados locales (gu\u00edas, agencias, comunidades), a su vez es consciente de la importancia de mantener y fomentar el turismo sostenible, y asumidos los principios, t\u00e9rminos y condiciones adoptados de la normatividad legal vigente. [&hellip;]<\/p>","protected":false},"author":1,"featured_media":0,"parent":0,"menu_order":0,"comment_status":"closed","ping_status":"closed","template":"","meta":{"footnotes":""},"class_list":["post-746","page","type-page","status-publish","hentry"],"acf":[],"_links":{"self":[{"href":"https:\/\/andanzastravel.com.co\/en\/wp-json\/wp\/v2\/pages\/746","targetHints":{"allow":["GET"]}}],"collection":[{"href":"https:\/\/andanzastravel.com.co\/en\/wp-json\/wp\/v2\/pages"}],"about":[{"href":"https:\/\/andanzastravel.com.co\/en\/wp-json\/wp\/v2\/types\/page"}],"author":[{"embeddable":true,"href":"https:\/\/andanzastravel.com.co\/en\/wp-json\/wp\/v2\/users\/1"}],"replies":[{"embeddable":true,"href":"https:\/\/andanzastravel.com.co\/en\/wp-json\/wp\/v2\/comments?post=746"}],"version-history":[{"count":1,"href":"https:\/\/andanzastravel.com.co\/en\/wp-json\/wp\/v2\/pages\/746\/revisions"}],"predecessor-version":[{"id":747,"href":"https:\/\/andanzastravel.com.co\/en\/wp-json\/wp\/v2\/pages\/746\/revisions\/747"}],"wp:attachment":[{"href":"https:\/\/andanzastravel.com.co\/en\/wp-json\/wp\/v2\/media?parent=746"}],"curies":[{"name":"wp","href":"https:\/\/api.w.org\/{rel}","templated":true}]}}