{"id":741,"date":"2023-09-18T15:40:01","date_gmt":"2023-09-18T20:40:01","guid":{"rendered":"https:\/\/andanzastravel.com.co\/?page_id=741"},"modified":"2023-09-18T15:40:03","modified_gmt":"2023-09-18T20:40:03","slug":"politica-de-privacidad","status":"publish","type":"page","link":"https:\/\/andanzastravel.com.co\/en\/politica-de-privacidad\/","title":{"rendered":"PRIVACY POLICY"},"content":{"rendered":"<p>PROTECCI\u00d3N DE DATOS<br>Este sitio web conforme a lo dispuesto en la Ley Estatutaria 1581 de 2012; implementa su pol\u00edtica de protecci\u00f3n de datos la cual busca garantizar la protecci\u00f3n y almacenamiento de las bases de datos que contengan informaci\u00f3n personal o socialmente relevante y no atentar contra los derechos fundamentales de nuestros clientes.<br><br>POL\u00cdTICA DE PRIVACIDAD Y TRATAMIENTO DE LOS DATOS PERSONALES<br>Su privacidad y confianza son muy importantes para nosotros. Por ello, queremos asegurarnos que conozca c\u00f3mo salvaguardamos la integridad, confidencialidad y disponibilidad, de sus datos personales, en apego a la legislaci\u00f3n colombiana.<br><br>1. INFORMACI\u00d3N PERSONAL QUE RECOPILAMOS<br>1.1 Informaci\u00f3n necesaria para usar el sitio web<br>Recopilamos informaci\u00f3n personal sobre ti cuando utilizas el sitio web. Sin ella, es posible que no podamos proporcionar todos los servicios que solicites. Esta informaci\u00f3n incluye:<br>Informaci\u00f3n de Contacto, Cuenta, Informaci\u00f3n del Perfil. Tal como tu nombre, apellidos, n\u00famero telef\u00f3nico, direcci\u00f3n postal, direcci\u00f3n de correo electr\u00f3nico, fecha de nacimiento y fotograf\u00eda, algunos de los cuales depender\u00e1n de las caracter\u00edsticas que utilices.<br><br>Durante nuestros planes habr\u00e1 una persona responsable del registro fotogr\u00e1fico. Este material est\u00e1 disponible de manera gratuita para todos nuestros participantes. Adicionalmente, con la inscripci\u00f3n a esta expedici\u00f3n, los participantes conceden el derecho a Andanzas de utilizar este material en campa\u00f1as publicitarias tanto en material impreso como en el sitio web y las redes sociales, de igual forma los participantes podr\u00e1n usar el material fotogr\u00e1fico para sus redes exceptuando fines comerciales.<br><br>1.2 Informaci\u00f3n que eliges proporcionar.<br>Puedes optar por proporcionarnos informaci\u00f3n personal adicional. Esta informaci\u00f3n puede incluir:<br>Informaci\u00f3n de Perfil adicional. Como g\u00e9nero, idioma(s) preferido(s), ciudad y descripci\u00f3n personal. Parte de esta informaci\u00f3n, tal como se indica en la configuraci\u00f3n de tu cuenta, forma parte de la p\u00e1gina p\u00fablica de tu perfil y ser\u00e1 visible p\u00fablicamente.<br>. Otra informaci\u00f3n. Por ejemplo, cuando llenes un formulario, agregues informaci\u00f3n a tu cuenta, respondas a encuestas, publiques en foros comunitarios, participes en promociones, te comuniques con nuestro equipo de atenci\u00f3n al cliente y otros miembros o compartas tu experiencia con nosotros. Esto puede incluir informaci\u00f3n de salud, si decides compartirla con nosotros.<br><br>2. C\u00d3MO UTILIZAMOS LA INFORMACI\u00d3N RECOPILADA<br>2.1 Proporcionar, Mejorar y Desarrollar el sitio web. Utilizamos la informaci\u00f3n personal para:<br>Permitirte acceder al sitio web y realizar pagos<br>Comunicarte con otros Miembros,<br>Realizar an\u00e1lisis, depurar y realizar investigaciones.<br>Proporcionar servicio al cliente y enviarte mensajes, actualizaciones, alertas de seguridad y notificaciones de cuentas,<br>2.2 Proporcionar, personalizar, medir y mejorar nuestra publicidad y mercadotecnia. Utilizamos informaci\u00f3n personal para:<br>Enviarte mensajes promocionales, marketing, publicidad y otra informaci\u00f3n en funci\u00f3n de tus preferencias y publicidad en redes sociales a trav\u00e9s de plataformas de redes sociales,<br>Personalizar, medir y mejorar nuestra publicidad,<br>Administrar programas de recomendaciones, recompensas, encuestas, sorteos, concursos u otras actividades o eventos promocionales patrocinados o gestionados por Andanzas o sus socios externos, analizar caracter\u00edsticas y preferencias para enviarte mensajes promocionales, informaci\u00f3n de marketing, publicidad y otra que creamos que pueda ser de tu inter\u00e9s e invitarte a eventos y oportunidades relevantes.<br><br>3. TUS DERECHOS<br>Puedes ejercer cualquiera de los derechos descritos en esta secci\u00f3n de conformidad con la legislaci\u00f3n aplicable. Ten en cuenta que quiz\u00e1s te pidamos que nos confirmes tu identidad antes de procesar la solicitud.<br>3.1 Administraci\u00f3n de tu informaci\u00f3n.<br>Puedes acceder a algunos de tus datos personales y actualizarlos a trav\u00e9s de la configuraci\u00f3n de tu Cuenta. Si conectaste tu cuenta en Andanzas a un servicio de terceros, como Facebook o Google, puedes modificar tu configuraci\u00f3n y desvincularte de ese servicio en la configuraci\u00f3n de tu Cuenta. T\u00fa eres responsable de mantener actualizada tu informaci\u00f3n personal.<br>3.2 Acceso a los datos y portabilidad.<br>En algunas regiones, la legislaci\u00f3n aplicable puede darte el derecho a solicitar ciertas copias de tus datos personales o datos sobre c\u00f3mo tratamos tus datos personales, solicitar copias de los datos personales que nos hayas proporcionado en un formato estructurado, de uso com\u00fan y legible por m\u00e1quina, y\/o solicitar que transmitamos esta informaci\u00f3n a otro proveedor de servicios (cuando sea t\u00e9cnicamente posible).<br>3.3 Eliminaci\u00f3n de datos.<br>En ciertas jurisdicciones, puedes solicitar que se eliminen tus datos personales. Ten en cuenta que si solicitas la eliminaci\u00f3n de tus datos personales:<br>Podemos conservar tu informaci\u00f3n personal seg\u00fan sea necesario para nuestros intereses comerciales leg\u00edtimos, tal como la prevenci\u00f3n del lavado de dinero, la detecci\u00f3n y prevenci\u00f3n de fraudes y la mejora de la seguridad. Por ejemplo, si suspendemos una cuenta de Andanzas por fraude o por razones de seguridad, es posible que retengamos informaci\u00f3n de esa cuenta para evitar que en el futuro ese Miembro vuelva a abrir una nueva cuenta.<br>Podremos conservar y utilizar tu informaci\u00f3n personal en la medida necesaria para cumplir nuestras obligaciones legales. Por ejemplo, es posible que Andanzas conserven tu informaci\u00f3n para cumplir con obligaciones fiscales, legales y de auditor\u00eda.<br>La informaci\u00f3n que compartiste con otras personas (por ejemplo, las evaluaciones, las publicaciones del foro) seguir\u00e1 visible p\u00fablicamente en Andanzas, incluso despu\u00e9s de que canceles tu cuenta. Sin embargo, se eliminar\u00e1 la atribuci\u00f3n a ti de dicha informaci\u00f3n. Algunas copias de tu informaci\u00f3n (por ejemplo, registros) podr\u00edan permanecer en nuestra base de datos, pero est\u00e1n disociadas de cualquier identificador personal.<br>Debido a que tomamos medidas para proteger los datos de p\u00e9rdidas y destrucci\u00f3n accidentales o maliciosas, es posible que las copias residuales de tu informaci\u00f3n no, se eliminen de nuestros sistemas de respaldo durante un determinado tiempo.<br>Para la eliminaci\u00f3n de tus datos debes escribirnos al correo andanzasclub@gmail.com indicando el motivo de la eliminaci\u00f3n, en m\u00e1ximo 24 horas tus datos ser\u00e1n eliminados.<br><br>4. SEGURIDAD<br>Implementamos y actualizamos continuamente medidas de seguridad, administrativas, t\u00e9cnicas y f\u00edsicas, para proteger tu informaci\u00f3n contra cualquier acceso no autorizado, p\u00e9rdida, destrucci\u00f3n o alteraci\u00f3n.<br><br>5. MODIFICACIONES A ESTA POL\u00cdTICA DE PRIVACIDAD<br>Nos reservamos el derecho de modificar en cualquier momento la presente Pol\u00edtica de privacidad, de conformidad con la legislaci\u00f3n aplicable. Si lo hacemos, publicaremos la Pol\u00edtica de privacidad modificada y actualizaremos la fecha de \u201c\u00daltima actualizaci\u00f3n\u201d indicada en la parte superior. En caso de cambios importantes, tambi\u00e9n te comunicaremos las modificaciones por correo electr\u00f3nico al menos treinta (30) d\u00edas antes de la fecha de entrada en vigor. Si no est\u00e1s de acuerdo con la Pol\u00edtica de privacidad modificada, puedes cancelar tu cuenta. Si no cancelas tu Cuenta antes de la fecha de entrada en vigor de la Pol\u00edtica de privacidad modificada, tu uso o acceso continuo a la Plataforma de Andanzas estar\u00e1 sujeto a ella.<br>En cumplimiento al Art\u00edculos 10 del Decreto 1377 de 2013, solicitamos su autorizaci\u00f3n para continuar con el tratamiento de sus datos personales con el fin de recolectar, recaudar, almacenar, usar, circular, suprimir, procesar, compilar, intercambiar, dar tratamiento, actualizar, disponer de los datos personales que usted nos ha suministrado y que han sido incorporados en las bases de datos con las que cuenta Andanzas. As\u00ed mismo usted podr\u00e1 ejercer los derechos de conocer, actualizar, rectificar, suprimir, solicitar prueba de la autorizaci\u00f3n, ser informado del uso de sus datos personales, presentar ante la Superintendencia de Industria y Comercio quejas por infracciones a los dispuesto en la presente ley y las dem\u00e1s normas que la modifiquen, adicionen o complementen, para cualquier inquietud al respecto ponemos a su disposici\u00f3n el correo electr\u00f3nico andanzasclub@gmail.com<br>En aquello que no sea competente la legislaci\u00f3n de protecci\u00f3n de datos personales, se ajustar\u00e1 a lo dispuesto respecto al tratamiento de informaci\u00f3n personal seg\u00fan la legislaci\u00f3n vigente.<br><\/p>","protected":false},"excerpt":{"rendered":"<p>PROTECCI\u00d3N DE DATOSEste sitio web conforme a lo dispuesto en la Ley Estatutaria 1581 de 2012; implementa su pol\u00edtica de protecci\u00f3n de datos la cual busca garantizar la protecci\u00f3n y almacenamiento de las bases de datos que contengan informaci\u00f3n personal o socialmente relevante y no atentar contra los derechos fundamentales de nuestros clientes. POL\u00cdTICA DE [&hellip;]<\/p>","protected":false},"author":1,"featured_media":0,"parent":0,"menu_order":0,"comment_status":"closed","ping_status":"closed","template":"","meta":{"footnotes":""},"class_list":["post-741","page","type-page","status-publish","hentry"],"acf":[],"_links":{"self":[{"href":"https:\/\/andanzastravel.com.co\/en\/wp-json\/wp\/v2\/pages\/741","targetHints":{"allow":["GET"]}}],"collection":[{"href":"https:\/\/andanzastravel.com.co\/en\/wp-json\/wp\/v2\/pages"}],"about":[{"href":"https:\/\/andanzastravel.com.co\/en\/wp-json\/wp\/v2\/types\/page"}],"author":[{"embeddable":true,"href":"https:\/\/andanzastravel.com.co\/en\/wp-json\/wp\/v2\/users\/1"}],"replies":[{"embeddable":true,"href":"https:\/\/andanzastravel.com.co\/en\/wp-json\/wp\/v2\/comments?post=741"}],"version-history":[{"count":1,"href":"https:\/\/andanzastravel.com.co\/en\/wp-json\/wp\/v2\/pages\/741\/revisions"}],"predecessor-version":[{"id":742,"href":"https:\/\/andanzastravel.com.co\/en\/wp-json\/wp\/v2\/pages\/741\/revisions\/742"}],"wp:attachment":[{"href":"https:\/\/andanzastravel.com.co\/en\/wp-json\/wp\/v2\/media?parent=741"}],"curies":[{"name":"wp","href":"https:\/\/api.w.org\/{rel}","templated":true}]}}